{"id":9031,"date":"2021-10-11T12:50:23","date_gmt":"2021-10-11T09:50:23","guid":{"rendered":"https:\/\/zeroten.palvelin.pro\/f21\/?page_id=9031"},"modified":"2023-03-23T15:29:08","modified_gmt":"2023-03-23T13:29:08","slug":"palvelut","status":"publish","type":"page","link":"https:\/\/www.fspcorp.com\/fi\/palvelut\/","title":{"rendered":"Palvelut"},"content":{"rendered":"\t\t<div data-elementor-type=\"wp-page\" data-elementor-id=\"9031\" class=\"elementor elementor-9031\" data-elementor-post-type=\"page\">\n\t\t\t\t\t\t<section class=\"elementor-section elementor-top-section elementor-element elementor-element-50758df5 elementor-section-height-min-height elementor-section-boxed elementor-section-height-default elementor-section-items-middle\" data-id=\"50758df5\" data-element_type=\"section\" data-e-type=\"section\" data-settings=\"{&quot;background_background&quot;:&quot;classic&quot;}\">\n\t\t\t\t\t\t\t<div class=\"elementor-background-overlay\"><\/div>\n\t\t\t\t\t\t\t<div class=\"elementor-container elementor-column-gap-default\">\n\t\t\t\t\t<div class=\"elementor-column elementor-col-100 elementor-top-column elementor-element elementor-element-2fae5f3f\" data-id=\"2fae5f3f\" data-element_type=\"column\" data-e-type=\"column\">\n\t\t\t<div class=\"elementor-widget-wrap elementor-element-populated\">\n\t\t\t\t\t\t<div class=\"elementor-element elementor-element-75872975 elementor-widget elementor-widget-heading\" data-id=\"75872975\" data-element_type=\"widget\" data-e-type=\"widget\" data-widget_type=\"heading.default\">\n\t\t\t\t<div class=\"elementor-widget-container\">\n\t\t\t\t\t<h1 class=\"elementor-heading-title elementor-size-default\">Monipuoliset palvelut kaikkiin teollisuuden tarpeisiin<\/h1>\t\t\t\t<\/div>\n\t\t\t\t<\/div>\n\t\t\t\t\t<\/div>\n\t\t<\/div>\n\t\t\t\t\t<\/div>\n\t\t<\/section>\n\t\t\t\t<section class=\"elementor-section elementor-top-section elementor-element elementor-element-119ae1b elementor-section-boxed elementor-section-height-default elementor-section-height-default\" data-id=\"119ae1b\" data-element_type=\"section\" data-e-type=\"section\" data-settings=\"{&quot;background_background&quot;:&quot;classic&quot;}\">\n\t\t\t\t\t\t<div class=\"elementor-container elementor-column-gap-default\">\n\t\t\t\t\t<div class=\"elementor-column elementor-col-100 elementor-top-column elementor-element elementor-element-e9c2092\" data-id=\"e9c2092\" data-element_type=\"column\" data-e-type=\"column\">\n\t\t\t<div class=\"elementor-widget-wrap elementor-element-populated\">\n\t\t\t\t\t\t<div class=\"elementor-element elementor-element-edb5fde elementor-cta--layout-image-left elementor-cta--skin-classic elementor-animated-content elementor-bg-transform elementor-bg-transform-zoom-in elementor-widget elementor-widget-call-to-action\" data-id=\"edb5fde\" data-element_type=\"widget\" data-e-type=\"widget\" data-widget_type=\"call-to-action.default\">\n\t\t\t\t<div class=\"elementor-widget-container\">\n\t\t\t\t\t\t\t<div class=\"elementor-cta\">\n\t\t\t\t\t<div class=\"elementor-cta__bg-wrapper\">\n\t\t\t\t<div class=\"elementor-cta__bg elementor-bg\" style=\"background-image: url(https:\/\/www.fspcorp.com\/wp-content\/uploads\/2023\/03\/FSP-Outsourcing.webp);\" role=\"img\" aria-label=\"FSP Outsourcing\"><\/div>\n\t\t\t\t<div class=\"elementor-cta__bg-overlay\"><\/div>\n\t\t\t<\/div>\n\t\t\t\t\t\t\t<div class=\"elementor-cta__content\">\n\t\t\t\t\n\t\t\t\t\t\t\t\t\t<h2 class=\"elementor-cta__title elementor-cta__content-item elementor-content-item\">\n\t\t\t\t\t\tUlkoistuspalvelut\t\t\t\t\t<\/h2>\n\t\t\t\t\n\t\t\t\t\t\t\t\t\t<div class=\"elementor-cta__description elementor-cta__content-item elementor-content-item\">\n\t\t\t\t\t\tPintak\u00e4sittelyalan edell\u00e4k\u00e4vij\u00e4n\u00e4 tarjoamme teille operatiivista kumppanuutta  \u2013 toimitte sitten alallanne paikallisesti tai kansainv\u00e4lisesti.\t\t\t\t\t<\/div>\n\t\t\t\t\n\t\t\t\t\t\t\t\t\t<div class=\"elementor-cta__button-wrapper elementor-cta__content-item elementor-content-item \">\n\t\t\t\t\t<a class=\"elementor-cta__button elementor-button elementor-size-\" href=\"https:\/\/www.fspcorp.com\/fi\/ulkoistuspalvelut\/\">\n\t\t\t\t\t\tLue lis\u00e4\u00e4 ulkoistuspalvelut \u27f6\t\t\t\t\t<\/a>\n\t\t\t\t\t<\/div>\n\t\t\t\t\t\t\t<\/div>\n\t\t\t\t\t\t<\/div>\n\t\t\t\t\t\t<\/div>\n\t\t\t\t<\/div>\n\t\t\t\t\t<\/div>\n\t\t<\/div>\n\t\t\t\t\t<\/div>\n\t\t<\/section>\n\t\t\t\t<section class=\"elementor-section elementor-top-section elementor-element elementor-element-e41d215 elementor-section-boxed elementor-section-height-default elementor-section-height-default\" data-id=\"e41d215\" data-element_type=\"section\" data-e-type=\"section\" data-settings=\"{&quot;background_background&quot;:&quot;classic&quot;}\">\n\t\t\t\t\t\t<div class=\"elementor-container elementor-column-gap-default\">\n\t\t\t\t\t<div class=\"elementor-column elementor-col-100 elementor-top-column elementor-element elementor-element-e2bf40d\" data-id=\"e2bf40d\" data-element_type=\"column\" data-e-type=\"column\">\n\t\t\t<div class=\"elementor-widget-wrap elementor-element-populated\">\n\t\t\t\t\t\t<div class=\"elementor-element elementor-element-2ecec08 elementor-cta--layout-image-right elementor-cta--skin-classic elementor-animated-content elementor-bg-transform elementor-bg-transform-zoom-in elementor-widget elementor-widget-call-to-action\" data-id=\"2ecec08\" data-element_type=\"widget\" data-e-type=\"widget\" data-widget_type=\"call-to-action.default\">\n\t\t\t\t<div class=\"elementor-widget-container\">\n\t\t\t\t\t\t\t<div class=\"elementor-cta\">\n\t\t\t\t\t<div class=\"elementor-cta__bg-wrapper\">\n\t\t\t\t<div class=\"elementor-cta__bg elementor-bg\" style=\"background-image: url(https:\/\/www.fspcorp.com\/wp-content\/uploads\/2021\/11\/pulverimaalaus.jpg);\" role=\"img\" aria-label=\"pulverimaalaus\"><\/div>\n\t\t\t\t<div class=\"elementor-cta__bg-overlay\"><\/div>\n\t\t\t<\/div>\n\t\t\t\t\t\t\t<div class=\"elementor-cta__content\">\n\t\t\t\t\n\t\t\t\t\t\t\t\t\t<h2 class=\"elementor-cta__title elementor-cta__content-item elementor-content-item\">\n\t\t\t\t\t\tPintak\u00e4sittelypalvelut\t\t\t\t\t<\/h2>\n\t\t\t\t\n\t\t\t\t\t\t\t\t\t<div class=\"elementor-cta__description elementor-cta__content-item elementor-content-item\">\n\t\t\t\t\t\tMetallipintojen pintak\u00e4sittely erilaisin menetelmin on FSP:n ydinosaamista. Erilaisia pintak\u00e4sittelymenetelmi\u00e4 hy\u00f6dynt\u00e4m\u00e4ll\u00e4 voidaan parantaa pintojen korroosiokest\u00e4vyytt\u00e4 sek\u00e4 ulkon\u00e4k\u00f6\u00e4.\t\t\t\t\t<\/div>\n\t\t\t\t\n\t\t\t\t\t\t\t\t\t<div class=\"elementor-cta__button-wrapper elementor-cta__content-item elementor-content-item \">\n\t\t\t\t\t<a class=\"elementor-cta__button elementor-button elementor-size-\" href=\"https:\/\/www.fspcorp.com\/fi\/palvelut\/pintakasittelypalvelut\/\">\n\t\t\t\t\t\tLue lis\u00e4\u00e4 pintak\u00e4sittelypalveluista \u27f6\t\t\t\t\t<\/a>\n\t\t\t\t\t<\/div>\n\t\t\t\t\t\t\t<\/div>\n\t\t\t\t\t\t<\/div>\n\t\t\t\t\t\t<\/div>\n\t\t\t\t<\/div>\n\t\t\t\t\t<\/div>\n\t\t<\/div>\n\t\t\t\t\t<\/div>\n\t\t<\/section>\n\t\t\t\t<section class=\"elementor-section elementor-top-section elementor-element elementor-element-970f577 elementor-section-boxed elementor-section-height-default elementor-section-height-default\" data-id=\"970f577\" data-element_type=\"section\" data-e-type=\"section\" data-settings=\"{&quot;background_background&quot;:&quot;classic&quot;}\">\n\t\t\t\t\t\t<div class=\"elementor-container elementor-column-gap-default\">\n\t\t\t\t\t<div class=\"elementor-column elementor-col-100 elementor-top-column elementor-element elementor-element-dde4cdd\" data-id=\"dde4cdd\" data-element_type=\"column\" data-e-type=\"column\">\n\t\t\t<div class=\"elementor-widget-wrap elementor-element-populated\">\n\t\t\t\t\t\t<div class=\"elementor-element elementor-element-e7dd777 elementor-cta--layout-image-left elementor-cta--skin-classic elementor-animated-content elementor-bg-transform elementor-bg-transform-zoom-in elementor-widget elementor-widget-call-to-action\" data-id=\"e7dd777\" data-element_type=\"widget\" data-e-type=\"widget\" data-widget_type=\"call-to-action.default\">\n\t\t\t\t<div class=\"elementor-widget-container\">\n\t\t\t\t\t\t\t<div class=\"elementor-cta\">\n\t\t\t\t\t<div class=\"elementor-cta__bg-wrapper\">\n\t\t\t\t<div class=\"elementor-cta__bg elementor-bg\" style=\"background-image: url(https:\/\/www.fspcorp.com\/wp-content\/uploads\/2021\/09\/lue-lisaa-asiantuntijapalveluista.jpg);\" role=\"img\" aria-label=\"lue-lisaa-asiantuntijapalveluista\"><\/div>\n\t\t\t\t<div class=\"elementor-cta__bg-overlay\"><\/div>\n\t\t\t<\/div>\n\t\t\t\t\t\t\t<div class=\"elementor-cta__content\">\n\t\t\t\t\n\t\t\t\t\t\t\t\t\t<h2 class=\"elementor-cta__title elementor-cta__content-item elementor-content-item\">\n\t\t\t\t\t\tAsiantuntijapalvelut\t\t\t\t\t<\/h2>\n\t\t\t\t\n\t\t\t\t\t\t\t\t\t<div class=\"elementor-cta__description elementor-cta__content-item elementor-content-item\">\n\t\t\t\t\t\tAsiantuntijapalveluita tarjoava yksikk\u00f6 mahdollistaa FSP:n pintak\u00e4sittelyasioiden erikoisosaamisen jakamisen my\u00f6s oman yrityksemme ulkopuolelle. \t\t\t\t\t<\/div>\n\t\t\t\t\n\t\t\t\t\t\t\t\t\t<div class=\"elementor-cta__button-wrapper elementor-cta__content-item elementor-content-item \">\n\t\t\t\t\t<a class=\"elementor-cta__button elementor-button elementor-size-\" href=\"https:\/\/www.fspcorp.com\/fi\/palvelut\/asiantuntijapalvelut\/\">\n\t\t\t\t\t\tLue lis\u00e4\u00e4 asiantuntijapalveluista \u27f6\t\t\t\t\t<\/a>\n\t\t\t\t\t<\/div>\n\t\t\t\t\t\t\t<\/div>\n\t\t\t\t\t\t<\/div>\n\t\t\t\t\t\t<\/div>\n\t\t\t\t<\/div>\n\t\t\t\t\t<\/div>\n\t\t<\/div>\n\t\t\t\t\t<\/div>\n\t\t<\/section>\n\t\t\t\t<section class=\"elementor-section elementor-top-section elementor-element elementor-element-5dde0f9 elementor-section-boxed elementor-section-height-default elementor-section-height-default\" data-id=\"5dde0f9\" data-element_type=\"section\" data-e-type=\"section\" data-settings=\"{&quot;background_background&quot;:&quot;classic&quot;}\">\n\t\t\t\t\t\t<div class=\"elementor-container elementor-column-gap-default\">\n\t\t\t\t\t<div class=\"elementor-column elementor-col-100 elementor-top-column elementor-element elementor-element-58f3fdc\" data-id=\"58f3fdc\" data-element_type=\"column\" data-e-type=\"column\">\n\t\t\t<div class=\"elementor-widget-wrap elementor-element-populated\">\n\t\t\t\t\t\t<div class=\"elementor-element elementor-element-7f77e51 elementor-cta--layout-image-right elementor-cta--skin-classic elementor-animated-content elementor-bg-transform elementor-bg-transform-zoom-in elementor-widget elementor-widget-call-to-action\" data-id=\"7f77e51\" data-element_type=\"widget\" data-e-type=\"widget\" data-widget_type=\"call-to-action.default\">\n\t\t\t\t<div class=\"elementor-widget-container\">\n\t\t\t\t\t\t\t<div class=\"elementor-cta\">\n\t\t\t\t\t<div class=\"elementor-cta__bg-wrapper\">\n\t\t\t\t<div class=\"elementor-cta__bg elementor-bg\" style=\"background-image: url(https:\/\/www.fspcorp.com\/wp-content\/uploads\/2021\/11\/lisarvopalvelut.jpg);\" role=\"img\" aria-label=\"lisarvopalvelut\"><\/div>\n\t\t\t\t<div class=\"elementor-cta__bg-overlay\"><\/div>\n\t\t\t<\/div>\n\t\t\t\t\t\t\t<div class=\"elementor-cta__content\">\n\t\t\t\t\n\t\t\t\t\t\t\t\t\t<h2 class=\"elementor-cta__title elementor-cta__content-item elementor-content-item\">\n\t\t\t\t\t\tLis\u00e4arvopalvelut\t\t\t\t\t<\/h2>\n\t\t\t\t\n\t\t\t\t\t\t\t\t\t<div class=\"elementor-cta__description elementor-cta__content-item elementor-content-item\">\n\t\t\t\t\t\tLis\u00e4arvopalvelut kattavat mm. asiakkaan tuotteiden osakokoonpanon, pakkaamisen, lis\u00e4varustelun, varastoinnin sek\u00e4 toimittamisen loppuasiakkaalle. \t\t\t\t\t<\/div>\n\t\t\t\t\n\t\t\t\t\t\t\t\t\t<div class=\"elementor-cta__button-wrapper elementor-cta__content-item elementor-content-item \">\n\t\t\t\t\t<a class=\"elementor-cta__button elementor-button elementor-size-\" href=\"https:\/\/www.fspcorp.com\/fi\/palvelut\/lisaarvopalvelut\/\">\n\t\t\t\t\t\tLue lis\u00e4\u00e4 lis\u00e4arvopalveluista \u27f6\t\t\t\t\t<\/a>\n\t\t\t\t\t<\/div>\n\t\t\t\t\t\t\t<\/div>\n\t\t\t\t\t\t<\/div>\n\t\t\t\t\t\t<\/div>\n\t\t\t\t<\/div>\n\t\t\t\t\t<\/div>\n\t\t<\/div>\n\t\t\t\t\t<\/div>\n\t\t<\/section>\n\t\t\t\t<\/div>\n\t\t","protected":false},"excerpt":{"rendered":"<p>Monipuoliset palvelut kaikkiin teollisuuden tarpeisiin Ulkoistuspalvelut Pintak\u00e4sittelyalan edell\u00e4k\u00e4vij\u00e4n\u00e4 tarjoamme teille operatiivista kumppanuutta \u2013 toimitte sitten alallanne paikallisesti tai kansainv\u00e4lisesti. Lue lis\u00e4\u00e4 ulkoistuspalvelut \u27f6 Pintak\u00e4sittelypalvelut Metallipintojen pintak\u00e4sittely erilaisin menetelmin on FSP:n ydinosaamista. Erilaisia pintak\u00e4sittelymenetelmi\u00e4 hy\u00f6dynt\u00e4m\u00e4ll\u00e4 voidaan parantaa pintojen korroosiokest\u00e4vyytt\u00e4 sek\u00e4 ulkon\u00e4k\u00f6\u00e4. Lue lis\u00e4\u00e4 pintak\u00e4sittelypalveluista \u27f6 Asiantuntijapalvelut Asiantuntijapalveluita tarjoava yksikk\u00f6 mahdollistaa FSP:n pintak\u00e4sittelyasioiden erikoisosaamisen jakamisen my\u00f6s oman [&hellip;]<\/p>\n","protected":false},"author":1,"featured_media":0,"parent":0,"menu_order":0,"comment_status":"closed","ping_status":"closed","template":"","meta":{"footnotes":""},"class_list":["post-9031","page","type-page","status-publish","hentry"],"yoast_head":"<!-- This site is optimized with the Yoast SEO plugin v27.3 - https:\/\/yoast.com\/product\/yoast-seo-wordpress\/ -->\n<title>Palvelut - FSP<\/title>\n<meta name=\"robots\" content=\"index, follow, max-snippet:-1, max-image-preview:large, max-video-preview:-1\" \/>\n<link rel=\"canonical\" href=\"https:\/\/www.fspcorp.com\/fi\/palvelut\/\" \/>\n<meta property=\"og:locale\" content=\"fi_FI\" \/>\n<meta property=\"og:type\" content=\"article\" \/>\n<meta property=\"og:title\" content=\"Palvelut - FSP\" \/>\n<meta property=\"og:description\" content=\"Monipuoliset palvelut kaikkiin teollisuuden tarpeisiin Ulkoistuspalvelut Pintak\u00e4sittelyalan edell\u00e4k\u00e4vij\u00e4n\u00e4 tarjoamme teille operatiivista kumppanuutta \u2013 toimitte sitten alallanne paikallisesti tai kansainv\u00e4lisesti. Lue lis\u00e4\u00e4 ulkoistuspalvelut \u27f6 Pintak\u00e4sittelypalvelut Metallipintojen pintak\u00e4sittely erilaisin menetelmin on FSP:n ydinosaamista. Erilaisia pintak\u00e4sittelymenetelmi\u00e4 hy\u00f6dynt\u00e4m\u00e4ll\u00e4 voidaan parantaa pintojen korroosiokest\u00e4vyytt\u00e4 sek\u00e4 ulkon\u00e4k\u00f6\u00e4. Lue lis\u00e4\u00e4 pintak\u00e4sittelypalveluista \u27f6 Asiantuntijapalvelut Asiantuntijapalveluita tarjoava yksikk\u00f6 mahdollistaa FSP:n pintak\u00e4sittelyasioiden erikoisosaamisen jakamisen my\u00f6s oman [&hellip;]\" \/>\n<meta property=\"og:url\" content=\"https:\/\/www.fspcorp.com\/fi\/palvelut\/\" \/>\n<meta property=\"og:site_name\" content=\"FSP\" \/>\n<meta property=\"article:publisher\" content=\"https:\/\/www.facebook.com\/FSPForSurfaceProtection\/\" \/>\n<meta property=\"article:modified_time\" content=\"2023-03-23T13:29:08+00:00\" \/>\n<meta name=\"twitter:card\" content=\"summary_large_image\" \/>\n<meta name=\"twitter:label1\" content=\"Arvioitu lukuaika\" \/>\n\t<meta name=\"twitter:data1\" content=\"1 minuutti\" \/>\n<script type=\"application\/ld+json\" class=\"yoast-schema-graph\">{\"@context\":\"https:\\\/\\\/schema.org\",\"@graph\":[{\"@type\":\"WebPage\",\"@id\":\"https:\\\/\\\/www.fspcorp.com\\\/fi\\\/palvelut\\\/\",\"url\":\"https:\\\/\\\/www.fspcorp.com\\\/fi\\\/palvelut\\\/\",\"name\":\"Palvelut - FSP\",\"isPartOf\":{\"@id\":\"https:\\\/\\\/www.fspcorp.com\\\/fi\\\/#website\"},\"datePublished\":\"2021-10-11T09:50:23+00:00\",\"dateModified\":\"2023-03-23T13:29:08+00:00\",\"breadcrumb\":{\"@id\":\"https:\\\/\\\/www.fspcorp.com\\\/fi\\\/palvelut\\\/#breadcrumb\"},\"inLanguage\":\"fi\",\"potentialAction\":[{\"@type\":\"ReadAction\",\"target\":[\"https:\\\/\\\/www.fspcorp.com\\\/fi\\\/palvelut\\\/\"]}]},{\"@type\":\"BreadcrumbList\",\"@id\":\"https:\\\/\\\/www.fspcorp.com\\\/fi\\\/palvelut\\\/#breadcrumb\",\"itemListElement\":[{\"@type\":\"ListItem\",\"position\":1,\"name\":\"Home\",\"item\":\"https:\\\/\\\/www.fspcorp.com\\\/fi\\\/\"},{\"@type\":\"ListItem\",\"position\":2,\"name\":\"Palvelut\"}]},{\"@type\":\"WebSite\",\"@id\":\"https:\\\/\\\/www.fspcorp.com\\\/fi\\\/#website\",\"url\":\"https:\\\/\\\/www.fspcorp.com\\\/fi\\\/\",\"name\":\"FSP\",\"description\":\"For Surface Protection\",\"publisher\":{\"@id\":\"https:\\\/\\\/www.fspcorp.com\\\/fi\\\/#organization\"},\"potentialAction\":[{\"@type\":\"SearchAction\",\"target\":{\"@type\":\"EntryPoint\",\"urlTemplate\":\"https:\\\/\\\/www.fspcorp.com\\\/fi\\\/?s={search_term_string}\"},\"query-input\":{\"@type\":\"PropertyValueSpecification\",\"valueRequired\":true,\"valueName\":\"search_term_string\"}}],\"inLanguage\":\"fi\"},{\"@type\":\"Organization\",\"@id\":\"https:\\\/\\\/www.fspcorp.com\\\/fi\\\/#organization\",\"name\":\"FSP For Surface Protection Ltd\",\"url\":\"https:\\\/\\\/www.fspcorp.com\\\/fi\\\/\",\"logo\":{\"@type\":\"ImageObject\",\"inLanguage\":\"fi\",\"@id\":\"https:\\\/\\\/www.fspcorp.com\\\/fi\\\/#\\\/schema\\\/logo\\\/image\\\/\",\"url\":\"https:\\\/\\\/www.fspcorp.com\\\/wp-content\\\/uploads\\\/2021\\\/09\\\/FSP_logo_line_RGB.png\",\"contentUrl\":\"https:\\\/\\\/www.fspcorp.com\\\/wp-content\\\/uploads\\\/2021\\\/09\\\/FSP_logo_line_RGB.png\",\"width\":710,\"height\":339,\"caption\":\"FSP For Surface Protection Ltd\"},\"image\":{\"@id\":\"https:\\\/\\\/www.fspcorp.com\\\/fi\\\/#\\\/schema\\\/logo\\\/image\\\/\"},\"sameAs\":[\"https:\\\/\\\/www.facebook.com\\\/FSPForSurfaceProtection\\\/\",\"https:\\\/\\\/www.linkedin.com\\\/company\\\/fsp-for-surface-protection\\\/\"]}]}<\/script>\n<!-- \/ Yoast SEO plugin. -->","yoast_head_json":{"title":"Palvelut - FSP","robots":{"index":"index","follow":"follow","max-snippet":"max-snippet:-1","max-image-preview":"max-image-preview:large","max-video-preview":"max-video-preview:-1"},"canonical":"https:\/\/www.fspcorp.com\/fi\/palvelut\/","og_locale":"fi_FI","og_type":"article","og_title":"Palvelut - FSP","og_description":"Monipuoliset palvelut kaikkiin teollisuuden tarpeisiin Ulkoistuspalvelut Pintak\u00e4sittelyalan edell\u00e4k\u00e4vij\u00e4n\u00e4 tarjoamme teille operatiivista kumppanuutta \u2013 toimitte sitten alallanne paikallisesti tai kansainv\u00e4lisesti. Lue lis\u00e4\u00e4 ulkoistuspalvelut \u27f6 Pintak\u00e4sittelypalvelut Metallipintojen pintak\u00e4sittely erilaisin menetelmin on FSP:n ydinosaamista. Erilaisia pintak\u00e4sittelymenetelmi\u00e4 hy\u00f6dynt\u00e4m\u00e4ll\u00e4 voidaan parantaa pintojen korroosiokest\u00e4vyytt\u00e4 sek\u00e4 ulkon\u00e4k\u00f6\u00e4. Lue lis\u00e4\u00e4 pintak\u00e4sittelypalveluista \u27f6 Asiantuntijapalvelut Asiantuntijapalveluita tarjoava yksikk\u00f6 mahdollistaa FSP:n pintak\u00e4sittelyasioiden erikoisosaamisen jakamisen my\u00f6s oman [&hellip;]","og_url":"https:\/\/www.fspcorp.com\/fi\/palvelut\/","og_site_name":"FSP","article_publisher":"https:\/\/www.facebook.com\/FSPForSurfaceProtection\/","article_modified_time":"2023-03-23T13:29:08+00:00","twitter_card":"summary_large_image","twitter_misc":{"Arvioitu lukuaika":"1 minuutti"},"schema":{"@context":"https:\/\/schema.org","@graph":[{"@type":"WebPage","@id":"https:\/\/www.fspcorp.com\/fi\/palvelut\/","url":"https:\/\/www.fspcorp.com\/fi\/palvelut\/","name":"Palvelut - FSP","isPartOf":{"@id":"https:\/\/www.fspcorp.com\/fi\/#website"},"datePublished":"2021-10-11T09:50:23+00:00","dateModified":"2023-03-23T13:29:08+00:00","breadcrumb":{"@id":"https:\/\/www.fspcorp.com\/fi\/palvelut\/#breadcrumb"},"inLanguage":"fi","potentialAction":[{"@type":"ReadAction","target":["https:\/\/www.fspcorp.com\/fi\/palvelut\/"]}]},{"@type":"BreadcrumbList","@id":"https:\/\/www.fspcorp.com\/fi\/palvelut\/#breadcrumb","itemListElement":[{"@type":"ListItem","position":1,"name":"Home","item":"https:\/\/www.fspcorp.com\/fi\/"},{"@type":"ListItem","position":2,"name":"Palvelut"}]},{"@type":"WebSite","@id":"https:\/\/www.fspcorp.com\/fi\/#website","url":"https:\/\/www.fspcorp.com\/fi\/","name":"FSP","description":"For Surface Protection","publisher":{"@id":"https:\/\/www.fspcorp.com\/fi\/#organization"},"potentialAction":[{"@type":"SearchAction","target":{"@type":"EntryPoint","urlTemplate":"https:\/\/www.fspcorp.com\/fi\/?s={search_term_string}"},"query-input":{"@type":"PropertyValueSpecification","valueRequired":true,"valueName":"search_term_string"}}],"inLanguage":"fi"},{"@type":"Organization","@id":"https:\/\/www.fspcorp.com\/fi\/#organization","name":"FSP For Surface Protection Ltd","url":"https:\/\/www.fspcorp.com\/fi\/","logo":{"@type":"ImageObject","inLanguage":"fi","@id":"https:\/\/www.fspcorp.com\/fi\/#\/schema\/logo\/image\/","url":"https:\/\/www.fspcorp.com\/wp-content\/uploads\/2021\/09\/FSP_logo_line_RGB.png","contentUrl":"https:\/\/www.fspcorp.com\/wp-content\/uploads\/2021\/09\/FSP_logo_line_RGB.png","width":710,"height":339,"caption":"FSP For Surface Protection Ltd"},"image":{"@id":"https:\/\/www.fspcorp.com\/fi\/#\/schema\/logo\/image\/"},"sameAs":["https:\/\/www.facebook.com\/FSPForSurfaceProtection\/","https:\/\/www.linkedin.com\/company\/fsp-for-surface-protection\/"]}]}},"_links":{"self":[{"href":"https:\/\/www.fspcorp.com\/fi\/wp-json\/wp\/v2\/pages\/9031","targetHints":{"allow":["GET"]}}],"collection":[{"href":"https:\/\/www.fspcorp.com\/fi\/wp-json\/wp\/v2\/pages"}],"about":[{"href":"https:\/\/www.fspcorp.com\/fi\/wp-json\/wp\/v2\/types\/page"}],"author":[{"embeddable":true,"href":"https:\/\/www.fspcorp.com\/fi\/wp-json\/wp\/v2\/users\/1"}],"replies":[{"embeddable":true,"href":"https:\/\/www.fspcorp.com\/fi\/wp-json\/wp\/v2\/comments?post=9031"}],"version-history":[{"count":82,"href":"https:\/\/www.fspcorp.com\/fi\/wp-json\/wp\/v2\/pages\/9031\/revisions"}],"predecessor-version":[{"id":21617,"href":"https:\/\/www.fspcorp.com\/fi\/wp-json\/wp\/v2\/pages\/9031\/revisions\/21617"}],"wp:attachment":[{"href":"https:\/\/www.fspcorp.com\/fi\/wp-json\/wp\/v2\/media?parent=9031"}],"curies":[{"name":"wp","href":"https:\/\/api.w.org\/{rel}","templated":true}]}}