{"id":3,"date":"2021-09-01T12:21:30","date_gmt":"2021-09-01T09:21:30","guid":{"rendered":"https:\/\/zeroten.palvelin.pro\/f21\/?page_id=3"},"modified":"2025-02-26T10:44:45","modified_gmt":"2025-02-26T08:44:45","slug":"privacy-policy","status":"publish","type":"page","link":"https:\/\/www.fspcorp.com\/fi\/privacy-policy\/","title":{"rendered":"Privacy Policy"},"content":{"rendered":"<h1>Rekisteriseloste<\/h1>\n<p>Laatimisp\u00e4iv\u00e4m\u00e4\u00e4r\u00e4: 26.2.2025<\/p>\n<p>T\u00e4m\u00e4 tietosuojaseloste on laadittu EU:n yleisen tietosuoja-asetuksen (2016\/679, GDPR) ja Suomen tietosuojalain (1050\/2018) mukaisesti.<\/p>\n<p><strong>Rekisterinpit\u00e4j\u00e4<\/strong><\/p>\n<p>FSP For Surface Protection Oy (Y-tunnus: 1708912-8)<br \/>\nKalliosolantie 3<br \/>\n01740 Vantaa<br \/>\nFinland<\/p>\n<p><strong>Rekisteriasioita hoitava henkil\u00f6<\/strong><\/p>\n<p>Marja-Liisa Pyysalo<br \/>\n+358\u00a0400\u00a0728 235<br \/>\nmarja-liisa.pyysalo@fspcorp.com<\/p>\n<p><strong>Rekisterin nimi<\/strong><\/p>\n<p>FSP For Surface Protection Oy:n asiakasrekisteri<\/p>\n<p><strong>Henkil\u00f6tietojen k\u00e4sittelyn oikeusperuste ja tarkoitus<\/strong><\/p>\n<p>Henkil\u00f6tietojen k\u00e4sittely perustuu rekister\u00f6idyn suostumukseen ja\/tai rekisterinpit\u00e4j\u00e4n oikeutettuun etuun (GDPR:n 6 artiklan 1 kohdan a ja f alakohdat).<\/p>\n<p><span style=\"font-size: revert; color: initial;\">Rekisterin sis\u00e4lt\u00e4mi\u00e4 tietoja voidaan k\u00e4ytt\u00e4\u00e4 rekister\u00f6idyn ty\u00f6teht\u00e4viin liittyv\u00e4\u00e4n FSP For Surface Protection Oy:n ja sen kanssa samaan konserniin kuuluvien yhti\u00f6iden (j\u00e4ljemp\u00e4n\u00e4 yhdess\u00e4 FSP) suoramainontaan, et\u00e4myyntiin tai muuhun suoramarkkinointiin, mielipide- tai markkinatutkimukseen, tai muihin n\u00e4ihin rinnastettaviin osoitteellisiin l\u00e4hetyksiin ja niiden kohdentamiseen lains\u00e4\u00e4d\u00e4nn\u00f6n sallimissa rajoissa. Markkinointi voi koskea my\u00f6s FSP:n kumppaneiden tuotteita tai palveluita.\u00a0<\/span><\/p>\n<p>Rekister\u00f6idyill\u00e4 on oikeus peruuttaa suostumuksensa suoramarkkinointiin milloin tahansa.<\/p>\n<p><strong>Rekisterin sis\u00e4lt\u00e4m\u00e4t tiedot<\/strong><\/p>\n<p>Rekisteri voi sis\u00e4lt\u00e4\u00e4 seuraavia tietoja FSP:n yritysasiakasprospekteista:<\/p>\n<ul>\n<li>Yrityksen yhteyshenkil\u00f6n tiedot (nimi, osoite, puhelinnumero, s\u00e4hk\u00f6postiosoite sek\u00e4 teht\u00e4v\u00e4 ja asema yrityksess\u00e4)<\/li>\n<li>Mahdollista asiakas- tai asiointihistoriaa koskevat tiedot, kuten yhteydenotot, tarjous-, tilaus- ja sopimustiedot<\/li>\n<li>Rekister\u00f6idyn itsens\u00e4 antamat tai muutoin rekister\u00f6idyn suostumuksella ker\u00e4tyt lis\u00e4tiedot (esim. rekiste-r\u00f6idyn ammatilliset kiinnostuksen kohteet)<\/li>\n<li>Rekisterin sis\u00e4lt\u00e4mist\u00e4 tiedoista koostetut rekisterin k\u00e4ytt\u00f6tarkoituksen kannalta relevantit rekister\u00f6ity\u00e4 koskevat tiedot<\/li>\n<li>Suoramarkkinointiluvat ja -kiellot<\/li>\n<\/ul>\n<p><strong><br \/>\nRekisteritietojen tietol\u00e4hde<\/strong><\/p>\n<p>Henkil\u00f6tietoja voidaan ker\u00e4t\u00e4 ja p\u00e4ivitt\u00e4\u00e4 julkisista l\u00e4hteist\u00e4, kuten yritysten verkkosivuilta, FSP:n muista rekistereist\u00e4, kaupparekisterist\u00e4, sek\u00e4 muista kolmansien osapuolten rekistereist\u00e4. Henkil\u00f6tietoja voidaan ker\u00e4t\u00e4 my\u00f6s suoraan rekister\u00f6idylt\u00e4 esimerkiksi FSP:n palveluihin rekister\u00f6idytt\u00e4ess\u00e4 tai muutoin rekister\u00f6idyn suostumuksella (esim. ev\u00e4steit\u00e4 k\u00e4ytt\u00e4m\u00e4ll\u00e4).<\/p>\n<p><strong>Tietojen luovutus<\/strong><\/p>\n<p>FSP voi luovuttaa rekisterin sis\u00e4lt\u00e4mi\u00e4 voimassaolevan lains\u00e4\u00e4d\u00e4nn\u00f6n sallimissa ja velvoittavissa rajoissa. Tietojen k\u00e4sittelyn teknisen tai operatiivisen toteuttamisen johdosta osa tiedoista voi sijaita FSP:n alihankkijoilla tai tietoja saatetaan muuten k\u00e4sitell\u00e4 teknisen k\u00e4ytt\u00f6yhteyden avulla. FSP voi my\u00f6s k\u00e4ytt\u00e4\u00e4 alihankkijoita tietojen k\u00e4sittelyss\u00e4. Tietoja voidaan siirt\u00e4\u00e4 Euroopan unionin tai Euroopan talousalueen ulkopuolelle. T\u00e4ll\u00f6inkin FSP huolehtii riitt\u00e4v\u00e4st\u00e4 tietosuojan tasosta lains\u00e4\u00e4d\u00e4nn\u00f6n edellytt\u00e4m\u00e4ll\u00e4 tavalla.<\/p>\n<p><strong>Rekisterin luottamuksellisuus<\/strong><\/p>\n<p>Koko FSP:n henkil\u00f6st\u00f6ll\u00e4 ja sen lukuun toimivilla ulkopuolisilla henkil\u00f6ill\u00e4 on vaitiolovelvollisuus liittyen kaikkiin rekisterin sis\u00e4lt\u00e4miin henkil\u00f6tietoihin. Rekisterin k\u00e4ytt\u00f6 on suojattu k\u00e4ytt\u00e4j\u00e4kohtaisin tunnuksin, salasanoin ja k\u00e4ytt\u00f6oikeuksin.<\/p>\n<p><strong>Tarkastusoikeus<\/strong><\/p>\n<p>Rekister\u00f6idyll\u00e4 on seuraavat oikeudet:<\/p>\n<ul>\n<li><strong>Oikeus saada p\u00e4\u00e4sy tietoihin<\/strong>: Rekister\u00f6idyll\u00e4 on oikeus saada tietoonsa, mit\u00e4 h\u00e4nt\u00e4 koskevia tietoja rekisteriin on tallennettu.<\/li>\n<li><strong>Oikeus tietojen oikaisuun<\/strong>: Rekister\u00f6idyll\u00e4 on oikeus pyyt\u00e4\u00e4 virheellisten tai ep\u00e4tarkkojen tietojen korjaamista.<\/li>\n<li><strong>Oikeus tietojen poistamiseen<\/strong>: Rekister\u00f6idyll\u00e4 on oikeus pyyt\u00e4\u00e4 tietojensa poistamista lain edellytt\u00e4miss\u00e4 rajoissa.<\/li>\n<li><strong>Oikeus tietojen k\u00e4sittelyn rajoittamiseen<\/strong>: Rekister\u00f6idyll\u00e4 on oikeus pyyt\u00e4\u00e4 tietojensa k\u00e4sittelyn rajoittamista.<\/li>\n<li><strong>Oikeus vastustaa tietojen k\u00e4sittely\u00e4<\/strong>: Rekister\u00f6idyll\u00e4 on oikeus vastustaa tietojensa k\u00e4sittely\u00e4 suoramarkkinointitarkoituksiin.<\/li>\n<li><strong>Oikeus siirt\u00e4\u00e4 tiedot<\/strong>: Rekister\u00f6idyll\u00e4 on oikeus saada h\u00e4nt\u00e4 koskevat tiedot j\u00e4rjestelm\u00e4llisesti ja k\u00e4ytt\u00e4\u00e4 niit\u00e4 muualla.<\/li>\n<\/ul>\n<p>Oikeuksia koskevat pyynn\u00f6t tulee toimittaa kirjallisena osoitteeseen:<\/p>\n<p>FSP For Surface Protection Oy<br \/>\nKalliosolantie 3<br \/>\n01740 Vantaa<\/p>\n<p>Tarkastuspyynn\u00f6ss\u00e4 tulee olla maininta, ett\u00e4 pyynt\u00f6 koskee FSP For Surface Protection Oy:n yritysasiakkaiden markkinointirekisterin rekisteritietoja.<\/p>\n","protected":false},"excerpt":{"rendered":"<p>Rekisteriseloste Laatimisp\u00e4iv\u00e4m\u00e4\u00e4r\u00e4: 26.2.2025 T\u00e4m\u00e4 tietosuojaseloste on laadittu EU:n yleisen tietosuoja-asetuksen (2016\/679, GDPR) ja Suomen tietosuojalain (1050\/2018) mukaisesti. Rekisterinpit\u00e4j\u00e4 FSP For Surface Protection Oy (Y-tunnus: 1708912-8) Kalliosolantie 3 01740 Vantaa Finland Rekisteriasioita hoitava henkil\u00f6 Marja-Liisa Pyysalo +358\u00a0400\u00a0728 235 marja-liisa.pyysalo@fspcorp.com Rekisterin nimi FSP For Surface Protection Oy:n asiakasrekisteri Henkil\u00f6tietojen k\u00e4sittelyn oikeusperuste ja tarkoitus Henkil\u00f6tietojen k\u00e4sittely perustuu rekister\u00f6idyn [&hellip;]<\/p>\n","protected":false},"author":1,"featured_media":0,"parent":0,"menu_order":0,"comment_status":"closed","ping_status":"open","template":"","meta":{"footnotes":""},"class_list":["post-3","page","type-page","status-publish","hentry"],"yoast_head":"<!-- This site is optimized with the Yoast SEO plugin v27.3 - https:\/\/yoast.com\/product\/yoast-seo-wordpress\/ -->\n<title>Privacy Policy - FSP<\/title>\n<meta name=\"robots\" content=\"index, follow, max-snippet:-1, max-image-preview:large, max-video-preview:-1\" \/>\n<link rel=\"canonical\" href=\"https:\/\/www.fspcorp.com\/fi\/privacy-policy\/\" \/>\n<meta property=\"og:locale\" content=\"fi_FI\" \/>\n<meta property=\"og:type\" content=\"article\" \/>\n<meta property=\"og:title\" content=\"Privacy Policy - FSP\" \/>\n<meta property=\"og:description\" content=\"Rekisteriseloste Laatimisp\u00e4iv\u00e4m\u00e4\u00e4r\u00e4: 26.2.2025 T\u00e4m\u00e4 tietosuojaseloste on laadittu EU:n yleisen tietosuoja-asetuksen (2016\/679, GDPR) ja Suomen tietosuojalain (1050\/2018) mukaisesti. Rekisterinpit\u00e4j\u00e4 FSP For Surface Protection Oy (Y-tunnus: 1708912-8) Kalliosolantie 3 01740 Vantaa Finland Rekisteriasioita hoitava henkil\u00f6 Marja-Liisa Pyysalo +358\u00a0400\u00a0728 235 marja-liisa.pyysalo@fspcorp.com Rekisterin nimi FSP For Surface Protection Oy:n asiakasrekisteri Henkil\u00f6tietojen k\u00e4sittelyn oikeusperuste ja tarkoitus Henkil\u00f6tietojen k\u00e4sittely perustuu rekister\u00f6idyn [&hellip;]\" \/>\n<meta property=\"og:url\" content=\"https:\/\/www.fspcorp.com\/fi\/privacy-policy\/\" \/>\n<meta property=\"og:site_name\" content=\"FSP\" \/>\n<meta property=\"article:publisher\" content=\"https:\/\/www.facebook.com\/FSPForSurfaceProtection\/\" \/>\n<meta property=\"article:modified_time\" content=\"2025-02-26T08:44:45+00:00\" \/>\n<meta name=\"twitter:card\" content=\"summary_large_image\" \/>\n<meta name=\"twitter:label1\" content=\"Arvioitu lukuaika\" \/>\n\t<meta name=\"twitter:data1\" content=\"2 minuuttia\" \/>\n<script type=\"application\/ld+json\" class=\"yoast-schema-graph\">{\"@context\":\"https:\\\/\\\/schema.org\",\"@graph\":[{\"@type\":\"WebPage\",\"@id\":\"https:\\\/\\\/www.fspcorp.com\\\/fi\\\/privacy-policy\\\/\",\"url\":\"https:\\\/\\\/www.fspcorp.com\\\/fi\\\/privacy-policy\\\/\",\"name\":\"Privacy Policy - FSP\",\"isPartOf\":{\"@id\":\"https:\\\/\\\/www.fspcorp.com\\\/fi\\\/#website\"},\"datePublished\":\"2021-09-01T09:21:30+00:00\",\"dateModified\":\"2025-02-26T08:44:45+00:00\",\"breadcrumb\":{\"@id\":\"https:\\\/\\\/www.fspcorp.com\\\/fi\\\/privacy-policy\\\/#breadcrumb\"},\"inLanguage\":\"fi\",\"potentialAction\":[{\"@type\":\"ReadAction\",\"target\":[\"https:\\\/\\\/www.fspcorp.com\\\/fi\\\/privacy-policy\\\/\"]}]},{\"@type\":\"BreadcrumbList\",\"@id\":\"https:\\\/\\\/www.fspcorp.com\\\/fi\\\/privacy-policy\\\/#breadcrumb\",\"itemListElement\":[{\"@type\":\"ListItem\",\"position\":1,\"name\":\"Home\",\"item\":\"https:\\\/\\\/www.fspcorp.com\\\/fi\\\/\"},{\"@type\":\"ListItem\",\"position\":2,\"name\":\"Privacy Policy\"}]},{\"@type\":\"WebSite\",\"@id\":\"https:\\\/\\\/www.fspcorp.com\\\/fi\\\/#website\",\"url\":\"https:\\\/\\\/www.fspcorp.com\\\/fi\\\/\",\"name\":\"FSP\",\"description\":\"For Surface Protection\",\"publisher\":{\"@id\":\"https:\\\/\\\/www.fspcorp.com\\\/fi\\\/#organization\"},\"potentialAction\":[{\"@type\":\"SearchAction\",\"target\":{\"@type\":\"EntryPoint\",\"urlTemplate\":\"https:\\\/\\\/www.fspcorp.com\\\/fi\\\/?s={search_term_string}\"},\"query-input\":{\"@type\":\"PropertyValueSpecification\",\"valueRequired\":true,\"valueName\":\"search_term_string\"}}],\"inLanguage\":\"fi\"},{\"@type\":\"Organization\",\"@id\":\"https:\\\/\\\/www.fspcorp.com\\\/fi\\\/#organization\",\"name\":\"FSP For Surface Protection Ltd\",\"url\":\"https:\\\/\\\/www.fspcorp.com\\\/fi\\\/\",\"logo\":{\"@type\":\"ImageObject\",\"inLanguage\":\"fi\",\"@id\":\"https:\\\/\\\/www.fspcorp.com\\\/fi\\\/#\\\/schema\\\/logo\\\/image\\\/\",\"url\":\"https:\\\/\\\/www.fspcorp.com\\\/wp-content\\\/uploads\\\/2021\\\/09\\\/FSP_logo_line_RGB.png\",\"contentUrl\":\"https:\\\/\\\/www.fspcorp.com\\\/wp-content\\\/uploads\\\/2021\\\/09\\\/FSP_logo_line_RGB.png\",\"width\":710,\"height\":339,\"caption\":\"FSP For Surface Protection Ltd\"},\"image\":{\"@id\":\"https:\\\/\\\/www.fspcorp.com\\\/fi\\\/#\\\/schema\\\/logo\\\/image\\\/\"},\"sameAs\":[\"https:\\\/\\\/www.facebook.com\\\/FSPForSurfaceProtection\\\/\",\"https:\\\/\\\/www.linkedin.com\\\/company\\\/fsp-for-surface-protection\\\/\"]}]}<\/script>\n<!-- \/ Yoast SEO plugin. -->","yoast_head_json":{"title":"Privacy Policy - FSP","robots":{"index":"index","follow":"follow","max-snippet":"max-snippet:-1","max-image-preview":"max-image-preview:large","max-video-preview":"max-video-preview:-1"},"canonical":"https:\/\/www.fspcorp.com\/fi\/privacy-policy\/","og_locale":"fi_FI","og_type":"article","og_title":"Privacy Policy - FSP","og_description":"Rekisteriseloste Laatimisp\u00e4iv\u00e4m\u00e4\u00e4r\u00e4: 26.2.2025 T\u00e4m\u00e4 tietosuojaseloste on laadittu EU:n yleisen tietosuoja-asetuksen (2016\/679, GDPR) ja Suomen tietosuojalain (1050\/2018) mukaisesti. Rekisterinpit\u00e4j\u00e4 FSP For Surface Protection Oy (Y-tunnus: 1708912-8) Kalliosolantie 3 01740 Vantaa Finland Rekisteriasioita hoitava henkil\u00f6 Marja-Liisa Pyysalo +358\u00a0400\u00a0728 235 marja-liisa.pyysalo@fspcorp.com Rekisterin nimi FSP For Surface Protection Oy:n asiakasrekisteri Henkil\u00f6tietojen k\u00e4sittelyn oikeusperuste ja tarkoitus Henkil\u00f6tietojen k\u00e4sittely perustuu rekister\u00f6idyn [&hellip;]","og_url":"https:\/\/www.fspcorp.com\/fi\/privacy-policy\/","og_site_name":"FSP","article_publisher":"https:\/\/www.facebook.com\/FSPForSurfaceProtection\/","article_modified_time":"2025-02-26T08:44:45+00:00","twitter_card":"summary_large_image","twitter_misc":{"Arvioitu lukuaika":"2 minuuttia"},"schema":{"@context":"https:\/\/schema.org","@graph":[{"@type":"WebPage","@id":"https:\/\/www.fspcorp.com\/fi\/privacy-policy\/","url":"https:\/\/www.fspcorp.com\/fi\/privacy-policy\/","name":"Privacy Policy - FSP","isPartOf":{"@id":"https:\/\/www.fspcorp.com\/fi\/#website"},"datePublished":"2021-09-01T09:21:30+00:00","dateModified":"2025-02-26T08:44:45+00:00","breadcrumb":{"@id":"https:\/\/www.fspcorp.com\/fi\/privacy-policy\/#breadcrumb"},"inLanguage":"fi","potentialAction":[{"@type":"ReadAction","target":["https:\/\/www.fspcorp.com\/fi\/privacy-policy\/"]}]},{"@type":"BreadcrumbList","@id":"https:\/\/www.fspcorp.com\/fi\/privacy-policy\/#breadcrumb","itemListElement":[{"@type":"ListItem","position":1,"name":"Home","item":"https:\/\/www.fspcorp.com\/fi\/"},{"@type":"ListItem","position":2,"name":"Privacy Policy"}]},{"@type":"WebSite","@id":"https:\/\/www.fspcorp.com\/fi\/#website","url":"https:\/\/www.fspcorp.com\/fi\/","name":"FSP","description":"For Surface Protection","publisher":{"@id":"https:\/\/www.fspcorp.com\/fi\/#organization"},"potentialAction":[{"@type":"SearchAction","target":{"@type":"EntryPoint","urlTemplate":"https:\/\/www.fspcorp.com\/fi\/?s={search_term_string}"},"query-input":{"@type":"PropertyValueSpecification","valueRequired":true,"valueName":"search_term_string"}}],"inLanguage":"fi"},{"@type":"Organization","@id":"https:\/\/www.fspcorp.com\/fi\/#organization","name":"FSP For Surface Protection Ltd","url":"https:\/\/www.fspcorp.com\/fi\/","logo":{"@type":"ImageObject","inLanguage":"fi","@id":"https:\/\/www.fspcorp.com\/fi\/#\/schema\/logo\/image\/","url":"https:\/\/www.fspcorp.com\/wp-content\/uploads\/2021\/09\/FSP_logo_line_RGB.png","contentUrl":"https:\/\/www.fspcorp.com\/wp-content\/uploads\/2021\/09\/FSP_logo_line_RGB.png","width":710,"height":339,"caption":"FSP For Surface Protection Ltd"},"image":{"@id":"https:\/\/www.fspcorp.com\/fi\/#\/schema\/logo\/image\/"},"sameAs":["https:\/\/www.facebook.com\/FSPForSurfaceProtection\/","https:\/\/www.linkedin.com\/company\/fsp-for-surface-protection\/"]}]}},"_links":{"self":[{"href":"https:\/\/www.fspcorp.com\/fi\/wp-json\/wp\/v2\/pages\/3","targetHints":{"allow":["GET"]}}],"collection":[{"href":"https:\/\/www.fspcorp.com\/fi\/wp-json\/wp\/v2\/pages"}],"about":[{"href":"https:\/\/www.fspcorp.com\/fi\/wp-json\/wp\/v2\/types\/page"}],"author":[{"embeddable":true,"href":"https:\/\/www.fspcorp.com\/fi\/wp-json\/wp\/v2\/users\/1"}],"replies":[{"embeddable":true,"href":"https:\/\/www.fspcorp.com\/fi\/wp-json\/wp\/v2\/comments?post=3"}],"version-history":[{"count":20,"href":"https:\/\/www.fspcorp.com\/fi\/wp-json\/wp\/v2\/pages\/3\/revisions"}],"predecessor-version":[{"id":23318,"href":"https:\/\/www.fspcorp.com\/fi\/wp-json\/wp\/v2\/pages\/3\/revisions\/23318"}],"wp:attachment":[{"href":"https:\/\/www.fspcorp.com\/fi\/wp-json\/wp\/v2\/media?parent=3"}],"curies":[{"name":"wp","href":"https:\/\/api.w.org\/{rel}","templated":true}]}}