{"id":22744,"date":"2024-06-18T15:37:36","date_gmt":"2024-06-18T12:37:36","guid":{"rendered":"https:\/\/www.fspcorp.com\/yhteystiedot\/jarvenpaa-mle\/"},"modified":"2025-02-24T12:34:03","modified_gmt":"2025-02-24T10:34:03","slug":"jarvenpaa-mle","status":"publish","type":"page","link":"https:\/\/www.fspcorp.com\/fi\/yhteystiedot\/jarvenpaa-mle\/","title":{"rendered":"J\u00e4rvenp\u00e4\u00e4, MLE"},"content":{"rendered":"\t\t<div data-elementor-type=\"wp-page\" data-elementor-id=\"22744\" class=\"elementor elementor-22744 elementor-22704\" data-elementor-post-type=\"page\">\n\t\t\t\t\t\t<section class=\"elementor-section elementor-top-section elementor-element elementor-element-1521d30b elementor-section-height-min-height elementor-section-boxed elementor-section-height-default elementor-section-items-middle\" data-id=\"1521d30b\" data-element_type=\"section\" data-e-type=\"section\" data-settings=\"{&quot;background_background&quot;:&quot;classic&quot;}\">\n\t\t\t\t\t\t\t<div class=\"elementor-background-overlay\"><\/div>\n\t\t\t\t\t\t\t<div class=\"elementor-container elementor-column-gap-default\">\n\t\t\t\t\t<div class=\"elementor-column elementor-col-100 elementor-top-column elementor-element elementor-element-70bc0756\" data-id=\"70bc0756\" data-element_type=\"column\" data-e-type=\"column\">\n\t\t\t<div class=\"elementor-widget-wrap elementor-element-populated\">\n\t\t\t\t\t\t<div class=\"elementor-element elementor-element-64011e1e elementor-widget elementor-widget-heading\" data-id=\"64011e1e\" data-element_type=\"widget\" data-e-type=\"widget\" data-widget_type=\"heading.default\">\n\t\t\t\t<div class=\"elementor-widget-container\">\n\t\t\t\t\t<h1 class=\"elementor-heading-title elementor-size-default\">J\u00e4rvenp\u00e4\u00e4, MLE<\/h1>\t\t\t\t<\/div>\n\t\t\t\t<\/div>\n\t\t\t\t\t<\/div>\n\t\t<\/div>\n\t\t\t\t\t<\/div>\n\t\t<\/section>\n\t\t\t\t<section class=\"elementor-section elementor-top-section elementor-element elementor-element-3c738f94 elementor-section-boxed elementor-section-height-default elementor-section-height-default\" data-id=\"3c738f94\" data-element_type=\"section\" data-e-type=\"section\">\n\t\t\t\t\t\t<div class=\"elementor-container elementor-column-gap-default\">\n\t\t\t\t\t<div class=\"elementor-column elementor-col-50 elementor-top-column elementor-element elementor-element-7265bfb\" data-id=\"7265bfb\" data-element_type=\"column\" data-e-type=\"column\">\n\t\t\t<div class=\"elementor-widget-wrap elementor-element-populated\">\n\t\t\t\t\t\t<div class=\"elementor-element elementor-element-622d6382 elementor-widget elementor-widget-heading\" data-id=\"622d6382\" data-element_type=\"widget\" data-e-type=\"widget\" data-widget_type=\"heading.default\">\n\t\t\t\t<div class=\"elementor-widget-container\">\n\t\t\t\t\t<h2 class=\"elementor-heading-title elementor-size-default\">Osoite<\/h2>\t\t\t\t<\/div>\n\t\t\t\t<\/div>\n\t\t\t\t<div class=\"elementor-element elementor-element-62ff91a2 elementor-widget elementor-widget-text-editor\" data-id=\"62ff91a2\" data-element_type=\"widget\" data-e-type=\"widget\" data-widget_type=\"text-editor.default\">\n\t\t\t\t<div class=\"elementor-widget-container\">\n\t\t\t\t\t\t\t\t\t<p>FSP For Surface Protection Finland Ltd c\/o Mitsubishi Logisnext Europe Oy<br \/>\nRoclankuja 2, 04440 J\u00e4rvenp\u00e4\u00e4<br \/>\nFinland<\/p>\n\t\t\t\t\t\t\t\t<\/div>\n\t\t\t\t<\/div>\n\t\t\t\t<div class=\"elementor-element elementor-element-44dce4e elementor-widget elementor-widget-heading\" data-id=\"44dce4e\" data-element_type=\"widget\" data-e-type=\"widget\" data-widget_type=\"heading.default\">\n\t\t\t\t<div class=\"elementor-widget-container\">\n\t\t\t\t\t<h2 class=\"elementor-heading-title elementor-size-default\"><span style=\"background-color: var( --e-global-color-eab180e );letter-spacing: 0px\">Lis\u00e4tiedot<\/span><\/h2>\t\t\t\t<\/div>\n\t\t\t\t<\/div>\n\t\t\t\t<div class=\"elementor-element elementor-element-7ce4ba9 elementor-widget elementor-widget-text-editor\" data-id=\"7ce4ba9\" data-element_type=\"widget\" data-e-type=\"widget\" data-widget_type=\"text-editor.default\">\n\t\t\t\t<div class=\"elementor-widget-container\">\n\t\t\t\t\t\t\t\t\t<p><strong>Palvelut:<\/strong><\/p><ul><li>Pesu ja puhdistus<\/li><li>M\u00e4rk\u00e4maalaus<\/li><\/ul><p><strong>\u00a0<\/strong><\/p><p><strong>Max. kappalekoko:<\/strong><\/p><p>2.0 x 2.0 x 4.0 m (Mitat: leveys x korkeus x pituus)<\/p><p><strong>Sertifikaatit:\u00a0<\/strong><\/p><p>ISO 9001:2015<br \/>ISO 14001:2015<br \/>ISO 45001:2018<\/p>\t\t\t\t\t\t\t\t<\/div>\n\t\t\t\t<\/div>\n\t\t\t\t\t<\/div>\n\t\t<\/div>\n\t\t\t\t<div class=\"elementor-column elementor-col-50 elementor-top-column elementor-element elementor-element-4a2b4e7d\" data-id=\"4a2b4e7d\" data-element_type=\"column\" data-e-type=\"column\">\n\t\t\t<div class=\"elementor-widget-wrap elementor-element-populated\">\n\t\t\t\t\t\t<div class=\"elementor-element elementor-element-4e7b9df elementor-widget elementor-widget-heading\" data-id=\"4e7b9df\" data-element_type=\"widget\" data-e-type=\"widget\" data-widget_type=\"heading.default\">\n\t\t\t\t<div class=\"elementor-widget-container\">\n\t\t\t\t\t<h2 class=\"elementor-heading-title elementor-size-default\">Yhteyshenkil\u00f6t<\/h2>\t\t\t\t<\/div>\n\t\t\t\t<\/div>\n\t\t\t\t<section class=\"elementor-section elementor-inner-section elementor-element elementor-element-1df24c1 elementor-section-boxed elementor-section-height-default elementor-section-height-default\" data-id=\"1df24c1\" data-element_type=\"section\" data-e-type=\"section\">\n\t\t\t\t\t\t<div class=\"elementor-container elementor-column-gap-default\">\n\t\t\t\t\t<div class=\"elementor-column elementor-col-100 elementor-inner-column elementor-element elementor-element-f2ff5ab\" data-id=\"f2ff5ab\" data-element_type=\"column\" data-e-type=\"column\">\n\t\t\t<div class=\"elementor-widget-wrap elementor-element-populated\">\n\t\t\t\t\t\t<div class=\"elementor-element elementor-element-619f4ee5 elementor-widget elementor-widget-heading\" data-id=\"619f4ee5\" data-element_type=\"widget\" data-e-type=\"widget\" data-widget_type=\"heading.default\">\n\t\t\t\t<div class=\"elementor-widget-container\">\n\t\t\t\t\t<h2 class=\"elementor-heading-title elementor-size-default\">Reijo Larjola<\/h2>\t\t\t\t<\/div>\n\t\t\t\t<\/div>\n\t\t\t\t<div class=\"elementor-element elementor-element-3c207a79 elementor-widget elementor-widget-text-editor\" data-id=\"3c207a79\" data-element_type=\"widget\" data-e-type=\"widget\" data-widget_type=\"text-editor.default\">\n\t\t\t\t<div class=\"elementor-widget-container\">\n\t\t\t\t\t\t\t\t\t<p>Ty\u00f6njohtaja<\/p>\t\t\t\t\t\t\t\t<\/div>\n\t\t\t\t<\/div>\n\t\t\t\t<div class=\"elementor-element elementor-element-4aa170c1 elementor-align-start elementor-icon-list--layout-traditional elementor-list-item-link-full_width elementor-widget elementor-widget-icon-list\" data-id=\"4aa170c1\" data-element_type=\"widget\" data-e-type=\"widget\" data-widget_type=\"icon-list.default\">\n\t\t\t\t<div class=\"elementor-widget-container\">\n\t\t\t\t\t\t\t<ul class=\"elementor-icon-list-items\">\n\t\t\t\t\t\t\t<li class=\"elementor-icon-list-item\">\n\t\t\t\t\t\t\t\t\t\t\t<a href=\"mailto:reijo.larjola@fspcorp.com\">\n\n\t\t\t\t\t\t\t\t\t\t\t\t<span class=\"elementor-icon-list-icon\">\n\t\t\t\t\t\t\t<i aria-hidden=\"true\" class=\"fas fa-envelope\"><\/i>\t\t\t\t\t\t<\/span>\n\t\t\t\t\t\t\t\t\t\t<span class=\"elementor-icon-list-text\">reijo.larjola@fspcorp.com<\/span>\n\t\t\t\t\t\t\t\t\t\t\t<\/a>\n\t\t\t\t\t\t\t\t\t<\/li>\n\t\t\t\t\t\t<\/ul>\n\t\t\t\t\t\t<\/div>\n\t\t\t\t<\/div>\n\t\t\t\t<div class=\"elementor-element elementor-element-25cccd3d elementor-widget-divider--view-line elementor-widget elementor-widget-divider\" data-id=\"25cccd3d\" data-element_type=\"widget\" data-e-type=\"widget\" data-widget_type=\"divider.default\">\n\t\t\t\t<div class=\"elementor-widget-container\">\n\t\t\t\t\t\t\t<div class=\"elementor-divider\">\n\t\t\t<span class=\"elementor-divider-separator\">\n\t\t\t\t\t\t<\/span>\n\t\t<\/div>\n\t\t\t\t\t\t<\/div>\n\t\t\t\t<\/div>\n\t\t\t\t\t<\/div>\n\t\t<\/div>\n\t\t\t\t\t<\/div>\n\t\t<\/section>\n\t\t\t\t<section class=\"elementor-section elementor-inner-section elementor-element elementor-element-0667ab7 elementor-section-boxed elementor-section-height-default elementor-section-height-default\" data-id=\"0667ab7\" data-element_type=\"section\" data-e-type=\"section\">\n\t\t\t\t\t\t<div class=\"elementor-container elementor-column-gap-default\">\n\t\t\t\t\t<div class=\"elementor-column elementor-col-100 elementor-inner-column elementor-element elementor-element-cdbcabe\" data-id=\"cdbcabe\" data-element_type=\"column\" data-e-type=\"column\">\n\t\t\t<div class=\"elementor-widget-wrap elementor-element-populated\">\n\t\t\t\t\t\t<div class=\"elementor-element elementor-element-5742333 elementor-widget elementor-widget-heading\" data-id=\"5742333\" data-element_type=\"widget\" data-e-type=\"widget\" data-widget_type=\"heading.default\">\n\t\t\t\t<div class=\"elementor-widget-container\">\n\t\t\t\t\t<h2 class=\"elementor-heading-title elementor-size-default\">Tero Hal\u00e9n<\/h2>\t\t\t\t<\/div>\n\t\t\t\t<\/div>\n\t\t\t\t<div class=\"elementor-element elementor-element-ebaff4e elementor-widget elementor-widget-text-editor\" data-id=\"ebaff4e\" data-element_type=\"widget\" data-e-type=\"widget\" data-widget_type=\"text-editor.default\">\n\t\t\t\t<div class=\"elementor-widget-container\">\n\t\t\t\t\t\t\t\t\t<p>Ty\u00f6njohtaja<\/p>\t\t\t\t\t\t\t\t<\/div>\n\t\t\t\t<\/div>\n\t\t\t\t<div class=\"elementor-element elementor-element-5bf935c elementor-align-start elementor-icon-list--layout-traditional elementor-list-item-link-full_width elementor-widget elementor-widget-icon-list\" data-id=\"5bf935c\" data-element_type=\"widget\" data-e-type=\"widget\" data-widget_type=\"icon-list.default\">\n\t\t\t\t<div class=\"elementor-widget-container\">\n\t\t\t\t\t\t\t<ul class=\"elementor-icon-list-items\">\n\t\t\t\t\t\t\t<li class=\"elementor-icon-list-item\">\n\t\t\t\t\t\t\t\t\t\t\t<a href=\"mailto:tero.halen@fspcorp.com\">\n\n\t\t\t\t\t\t\t\t\t\t\t\t<span class=\"elementor-icon-list-icon\">\n\t\t\t\t\t\t\t<i aria-hidden=\"true\" class=\"fas fa-envelope\"><\/i>\t\t\t\t\t\t<\/span>\n\t\t\t\t\t\t\t\t\t\t<span class=\"elementor-icon-list-text\">tero.halen@fspcorp.com<\/span>\n\t\t\t\t\t\t\t\t\t\t\t<\/a>\n\t\t\t\t\t\t\t\t\t<\/li>\n\t\t\t\t\t\t<\/ul>\n\t\t\t\t\t\t<\/div>\n\t\t\t\t<\/div>\n\t\t\t\t<div class=\"elementor-element elementor-element-c68cb6e elementor-widget-divider--view-line elementor-widget elementor-widget-divider\" data-id=\"c68cb6e\" data-element_type=\"widget\" data-e-type=\"widget\" data-widget_type=\"divider.default\">\n\t\t\t\t<div class=\"elementor-widget-container\">\n\t\t\t\t\t\t\t<div class=\"elementor-divider\">\n\t\t\t<span class=\"elementor-divider-separator\">\n\t\t\t\t\t\t<\/span>\n\t\t<\/div>\n\t\t\t\t\t\t<\/div>\n\t\t\t\t<\/div>\n\t\t\t\t\t<\/div>\n\t\t<\/div>\n\t\t\t\t\t<\/div>\n\t\t<\/section>\n\t\t\t\t<section class=\"elementor-section elementor-inner-section elementor-element elementor-element-b1ec6e2 elementor-section-boxed elementor-section-height-default elementor-section-height-default\" data-id=\"b1ec6e2\" data-element_type=\"section\" data-e-type=\"section\">\n\t\t\t\t\t\t<div class=\"elementor-container elementor-column-gap-default\">\n\t\t\t\t\t<div class=\"elementor-column elementor-col-100 elementor-inner-column elementor-element elementor-element-0adcdea\" data-id=\"0adcdea\" data-element_type=\"column\" data-e-type=\"column\">\n\t\t\t<div class=\"elementor-widget-wrap elementor-element-populated\">\n\t\t\t\t\t\t<div class=\"elementor-element elementor-element-4544d92 elementor-widget elementor-widget-heading\" data-id=\"4544d92\" data-element_type=\"widget\" data-e-type=\"widget\" data-widget_type=\"heading.default\">\n\t\t\t\t<div class=\"elementor-widget-container\">\n\t\t\t\t\t<h2 class=\"elementor-heading-title elementor-size-default\">Jaakko Saari<\/h2>\t\t\t\t<\/div>\n\t\t\t\t<\/div>\n\t\t\t\t<div class=\"elementor-element elementor-element-f3803f9 elementor-widget elementor-widget-text-editor\" data-id=\"f3803f9\" data-element_type=\"widget\" data-e-type=\"widget\" data-widget_type=\"text-editor.default\">\n\t\t\t\t<div class=\"elementor-widget-container\">\n\t\t\t\t\t\t\t\t\t<p>Liiketoimintayksik\u00f6n p\u00e4\u00e4llikk\u00f6<\/p>\t\t\t\t\t\t\t\t<\/div>\n\t\t\t\t<\/div>\n\t\t\t\t<div class=\"elementor-element elementor-element-aefc255 elementor-align-start elementor-icon-list--layout-traditional elementor-list-item-link-full_width elementor-widget elementor-widget-icon-list\" data-id=\"aefc255\" data-element_type=\"widget\" data-e-type=\"widget\" data-widget_type=\"icon-list.default\">\n\t\t\t\t<div class=\"elementor-widget-container\">\n\t\t\t\t\t\t\t<ul class=\"elementor-icon-list-items\">\n\t\t\t\t\t\t\t<li class=\"elementor-icon-list-item\">\n\t\t\t\t\t\t\t\t\t\t\t<a href=\"mailto:jaakko.saari@fspcorp.com\">\n\n\t\t\t\t\t\t\t\t\t\t\t\t<span class=\"elementor-icon-list-icon\">\n\t\t\t\t\t\t\t<i aria-hidden=\"true\" class=\"fas fa-envelope\"><\/i>\t\t\t\t\t\t<\/span>\n\t\t\t\t\t\t\t\t\t\t<span class=\"elementor-icon-list-text\">jaakko.saari@fspcorp.com<\/span>\n\t\t\t\t\t\t\t\t\t\t\t<\/a>\n\t\t\t\t\t\t\t\t\t<\/li>\n\t\t\t\t\t\t<\/ul>\n\t\t\t\t\t\t<\/div>\n\t\t\t\t<\/div>\n\t\t\t\t\t<\/div>\n\t\t<\/div>\n\t\t\t\t\t<\/div>\n\t\t<\/section>\n\t\t\t\t\t<\/div>\n\t\t<\/div>\n\t\t\t\t\t<\/div>\n\t\t<\/section>\n\t\t\t\t<section class=\"elementor-section elementor-top-section elementor-element elementor-element-3e4f8b4a elementor-section-boxed elementor-section-height-default elementor-section-height-default\" data-id=\"3e4f8b4a\" data-element_type=\"section\" data-e-type=\"section\" data-settings=\"{&quot;background_background&quot;:&quot;classic&quot;}\">\n\t\t\t\t\t\t<div class=\"elementor-container elementor-column-gap-default\">\n\t\t\t\t\t<div class=\"elementor-column elementor-col-100 elementor-top-column elementor-element elementor-element-494d87d\" data-id=\"494d87d\" data-element_type=\"column\" data-e-type=\"column\">\n\t\t\t<div class=\"elementor-widget-wrap elementor-element-populated\">\n\t\t\t\t\t\t<div class=\"elementor-element elementor-element-8e70cf9 elementor-widget elementor-widget-google_maps\" data-id=\"8e70cf9\" data-element_type=\"widget\" data-e-type=\"widget\" data-widget_type=\"google_maps.default\">\n\t\t\t\t<div class=\"elementor-widget-container\">\n\t\t\t\t\t\t\t<div class=\"elementor-custom-embed\">\n\t\t\t<iframe loading=\"lazy\"\n\t\t\t\t\tsrc=\"https:\/\/maps.google.com\/maps?q=Roclankuja%202%2C%2004440&#038;t=m&#038;z=10&#038;output=embed&#038;iwloc=near\"\n\t\t\t\t\ttitle=\"Roclankuja 2, 04440\"\n\t\t\t\t\taria-label=\"Roclankuja 2, 04440\"\n\t\t\t><\/iframe>\n\t\t<\/div>\n\t\t\t\t\t\t<\/div>\n\t\t\t\t<\/div>\n\t\t\t\t\t<\/div>\n\t\t<\/div>\n\t\t\t\t\t<\/div>\n\t\t<\/section>\n\t\t\t\t<\/div>\n\t\t","protected":false},"excerpt":{"rendered":"<p>Osoite FSP For Surface Protection Finland Ltd c\/o Mitsubishi Logisnext Europe Oy Roclankuja 2, 04440 J\u00e4rvenp\u00e4\u00e4 Finland Lis\u00e4tiedot Palvelut: Pesu ja puhdistus M\u00e4rk\u00e4maalaus \u00a0 Max. kappalekoko: 2.0 x 2.0 x 4.0 m (Mitat: leveys x korkeus x pituus) Sertifikaatit:\u00a0 ISO 9001:2015ISO 14001:2015ISO 45001:2018 Yhteyshenkil\u00f6t Reijo Larjola Ty\u00f6njohtaja reijo.larjola@fspcorp.com Tero Hal\u00e9n Ty\u00f6njohtaja tero.halen@fspcorp.com Jaakko Saari Liiketoimintayksik\u00f6n [&hellip;]<\/p>\n","protected":false},"author":1,"featured_media":0,"parent":11916,"menu_order":0,"comment_status":"closed","ping_status":"closed","template":"","meta":{"footnotes":""},"class_list":["post-22744","page","type-page","status-publish","hentry"],"yoast_head":"<!-- This site is optimized with the Yoast SEO plugin v27.3 - https:\/\/yoast.com\/product\/yoast-seo-wordpress\/ -->\n<title>J\u00e4rvenp\u00e4\u00e4, MLE - FSP<\/title>\n<meta name=\"robots\" content=\"index, follow, max-snippet:-1, max-image-preview:large, max-video-preview:-1\" \/>\n<link rel=\"canonical\" href=\"https:\/\/www.fspcorp.com\/fi\/yhteystiedot\/jarvenpaa-mle\/\" \/>\n<meta property=\"og:locale\" content=\"fi_FI\" \/>\n<meta property=\"og:type\" content=\"article\" \/>\n<meta property=\"og:title\" content=\"J\u00e4rvenp\u00e4\u00e4, MLE - FSP\" \/>\n<meta property=\"og:description\" content=\"Osoite FSP For Surface Protection Finland Ltd c\/o Mitsubishi Logisnext Europe Oy Roclankuja 2, 04440 J\u00e4rvenp\u00e4\u00e4 Finland Lis\u00e4tiedot Palvelut: Pesu ja puhdistus M\u00e4rk\u00e4maalaus \u00a0 Max. kappalekoko: 2.0 x 2.0 x 4.0 m (Mitat: leveys x korkeus x pituus) Sertifikaatit:\u00a0 ISO 9001:2015ISO 14001:2015ISO 45001:2018 Yhteyshenkil\u00f6t Reijo Larjola Ty\u00f6njohtaja reijo.larjola@fspcorp.com Tero Hal\u00e9n Ty\u00f6njohtaja tero.halen@fspcorp.com Jaakko Saari Liiketoimintayksik\u00f6n [&hellip;]\" \/>\n<meta property=\"og:url\" content=\"https:\/\/www.fspcorp.com\/fi\/yhteystiedot\/jarvenpaa-mle\/\" \/>\n<meta property=\"og:site_name\" content=\"FSP\" \/>\n<meta property=\"article:publisher\" content=\"https:\/\/www.facebook.com\/FSPForSurfaceProtection\/\" \/>\n<meta property=\"article:modified_time\" content=\"2025-02-24T10:34:03+00:00\" \/>\n<meta name=\"twitter:card\" content=\"summary_large_image\" \/>\n<meta name=\"twitter:label1\" content=\"Arvioitu lukuaika\" \/>\n\t<meta name=\"twitter:data1\" content=\"1 minuutti\" \/>\n<script type=\"application\/ld+json\" class=\"yoast-schema-graph\">{\"@context\":\"https:\\\/\\\/schema.org\",\"@graph\":[{\"@type\":\"WebPage\",\"@id\":\"https:\\\/\\\/www.fspcorp.com\\\/fi\\\/yhteystiedot\\\/jarvenpaa-mle\\\/\",\"url\":\"https:\\\/\\\/www.fspcorp.com\\\/fi\\\/yhteystiedot\\\/jarvenpaa-mle\\\/\",\"name\":\"J\u00e4rvenp\u00e4\u00e4, MLE - FSP\",\"isPartOf\":{\"@id\":\"https:\\\/\\\/www.fspcorp.com\\\/fi\\\/#website\"},\"datePublished\":\"2024-06-18T12:37:36+00:00\",\"dateModified\":\"2025-02-24T10:34:03+00:00\",\"breadcrumb\":{\"@id\":\"https:\\\/\\\/www.fspcorp.com\\\/fi\\\/yhteystiedot\\\/jarvenpaa-mle\\\/#breadcrumb\"},\"inLanguage\":\"fi\",\"potentialAction\":[{\"@type\":\"ReadAction\",\"target\":[\"https:\\\/\\\/www.fspcorp.com\\\/fi\\\/yhteystiedot\\\/jarvenpaa-mle\\\/\"]}]},{\"@type\":\"BreadcrumbList\",\"@id\":\"https:\\\/\\\/www.fspcorp.com\\\/fi\\\/yhteystiedot\\\/jarvenpaa-mle\\\/#breadcrumb\",\"itemListElement\":[{\"@type\":\"ListItem\",\"position\":1,\"name\":\"Home\",\"item\":\"https:\\\/\\\/www.fspcorp.com\\\/fi\\\/\"},{\"@type\":\"ListItem\",\"position\":2,\"name\":\"Yhteystiedot ja toimipisteet\",\"item\":\"https:\\\/\\\/www.fspcorp.com\\\/fi\\\/contacts\\\/\"},{\"@type\":\"ListItem\",\"position\":3,\"name\":\"J\u00e4rvenp\u00e4\u00e4, MLE\"}]},{\"@type\":\"WebSite\",\"@id\":\"https:\\\/\\\/www.fspcorp.com\\\/fi\\\/#website\",\"url\":\"https:\\\/\\\/www.fspcorp.com\\\/fi\\\/\",\"name\":\"FSP\",\"description\":\"For Surface Protection\",\"publisher\":{\"@id\":\"https:\\\/\\\/www.fspcorp.com\\\/fi\\\/#organization\"},\"potentialAction\":[{\"@type\":\"SearchAction\",\"target\":{\"@type\":\"EntryPoint\",\"urlTemplate\":\"https:\\\/\\\/www.fspcorp.com\\\/fi\\\/?s={search_term_string}\"},\"query-input\":{\"@type\":\"PropertyValueSpecification\",\"valueRequired\":true,\"valueName\":\"search_term_string\"}}],\"inLanguage\":\"fi\"},{\"@type\":\"Organization\",\"@id\":\"https:\\\/\\\/www.fspcorp.com\\\/fi\\\/#organization\",\"name\":\"FSP For Surface Protection Ltd\",\"url\":\"https:\\\/\\\/www.fspcorp.com\\\/fi\\\/\",\"logo\":{\"@type\":\"ImageObject\",\"inLanguage\":\"fi\",\"@id\":\"https:\\\/\\\/www.fspcorp.com\\\/fi\\\/#\\\/schema\\\/logo\\\/image\\\/\",\"url\":\"https:\\\/\\\/www.fspcorp.com\\\/wp-content\\\/uploads\\\/2021\\\/09\\\/FSP_logo_line_RGB.png\",\"contentUrl\":\"https:\\\/\\\/www.fspcorp.com\\\/wp-content\\\/uploads\\\/2021\\\/09\\\/FSP_logo_line_RGB.png\",\"width\":710,\"height\":339,\"caption\":\"FSP For Surface Protection Ltd\"},\"image\":{\"@id\":\"https:\\\/\\\/www.fspcorp.com\\\/fi\\\/#\\\/schema\\\/logo\\\/image\\\/\"},\"sameAs\":[\"https:\\\/\\\/www.facebook.com\\\/FSPForSurfaceProtection\\\/\",\"https:\\\/\\\/www.linkedin.com\\\/company\\\/fsp-for-surface-protection\\\/\"]}]}<\/script>\n<!-- \/ Yoast SEO plugin. -->","yoast_head_json":{"title":"J\u00e4rvenp\u00e4\u00e4, MLE - FSP","robots":{"index":"index","follow":"follow","max-snippet":"max-snippet:-1","max-image-preview":"max-image-preview:large","max-video-preview":"max-video-preview:-1"},"canonical":"https:\/\/www.fspcorp.com\/fi\/yhteystiedot\/jarvenpaa-mle\/","og_locale":"fi_FI","og_type":"article","og_title":"J\u00e4rvenp\u00e4\u00e4, MLE - FSP","og_description":"Osoite FSP For Surface Protection Finland Ltd c\/o Mitsubishi Logisnext Europe Oy Roclankuja 2, 04440 J\u00e4rvenp\u00e4\u00e4 Finland Lis\u00e4tiedot Palvelut: Pesu ja puhdistus M\u00e4rk\u00e4maalaus \u00a0 Max. kappalekoko: 2.0 x 2.0 x 4.0 m (Mitat: leveys x korkeus x pituus) Sertifikaatit:\u00a0 ISO 9001:2015ISO 14001:2015ISO 45001:2018 Yhteyshenkil\u00f6t Reijo Larjola Ty\u00f6njohtaja reijo.larjola@fspcorp.com Tero Hal\u00e9n Ty\u00f6njohtaja tero.halen@fspcorp.com Jaakko Saari Liiketoimintayksik\u00f6n [&hellip;]","og_url":"https:\/\/www.fspcorp.com\/fi\/yhteystiedot\/jarvenpaa-mle\/","og_site_name":"FSP","article_publisher":"https:\/\/www.facebook.com\/FSPForSurfaceProtection\/","article_modified_time":"2025-02-24T10:34:03+00:00","twitter_card":"summary_large_image","twitter_misc":{"Arvioitu lukuaika":"1 minuutti"},"schema":{"@context":"https:\/\/schema.org","@graph":[{"@type":"WebPage","@id":"https:\/\/www.fspcorp.com\/fi\/yhteystiedot\/jarvenpaa-mle\/","url":"https:\/\/www.fspcorp.com\/fi\/yhteystiedot\/jarvenpaa-mle\/","name":"J\u00e4rvenp\u00e4\u00e4, MLE - FSP","isPartOf":{"@id":"https:\/\/www.fspcorp.com\/fi\/#website"},"datePublished":"2024-06-18T12:37:36+00:00","dateModified":"2025-02-24T10:34:03+00:00","breadcrumb":{"@id":"https:\/\/www.fspcorp.com\/fi\/yhteystiedot\/jarvenpaa-mle\/#breadcrumb"},"inLanguage":"fi","potentialAction":[{"@type":"ReadAction","target":["https:\/\/www.fspcorp.com\/fi\/yhteystiedot\/jarvenpaa-mle\/"]}]},{"@type":"BreadcrumbList","@id":"https:\/\/www.fspcorp.com\/fi\/yhteystiedot\/jarvenpaa-mle\/#breadcrumb","itemListElement":[{"@type":"ListItem","position":1,"name":"Home","item":"https:\/\/www.fspcorp.com\/fi\/"},{"@type":"ListItem","position":2,"name":"Yhteystiedot ja toimipisteet","item":"https:\/\/www.fspcorp.com\/fi\/contacts\/"},{"@type":"ListItem","position":3,"name":"J\u00e4rvenp\u00e4\u00e4, MLE"}]},{"@type":"WebSite","@id":"https:\/\/www.fspcorp.com\/fi\/#website","url":"https:\/\/www.fspcorp.com\/fi\/","name":"FSP","description":"For Surface Protection","publisher":{"@id":"https:\/\/www.fspcorp.com\/fi\/#organization"},"potentialAction":[{"@type":"SearchAction","target":{"@type":"EntryPoint","urlTemplate":"https:\/\/www.fspcorp.com\/fi\/?s={search_term_string}"},"query-input":{"@type":"PropertyValueSpecification","valueRequired":true,"valueName":"search_term_string"}}],"inLanguage":"fi"},{"@type":"Organization","@id":"https:\/\/www.fspcorp.com\/fi\/#organization","name":"FSP For Surface Protection Ltd","url":"https:\/\/www.fspcorp.com\/fi\/","logo":{"@type":"ImageObject","inLanguage":"fi","@id":"https:\/\/www.fspcorp.com\/fi\/#\/schema\/logo\/image\/","url":"https:\/\/www.fspcorp.com\/wp-content\/uploads\/2021\/09\/FSP_logo_line_RGB.png","contentUrl":"https:\/\/www.fspcorp.com\/wp-content\/uploads\/2021\/09\/FSP_logo_line_RGB.png","width":710,"height":339,"caption":"FSP For Surface Protection Ltd"},"image":{"@id":"https:\/\/www.fspcorp.com\/fi\/#\/schema\/logo\/image\/"},"sameAs":["https:\/\/www.facebook.com\/FSPForSurfaceProtection\/","https:\/\/www.linkedin.com\/company\/fsp-for-surface-protection\/"]}]}},"_links":{"self":[{"href":"https:\/\/www.fspcorp.com\/fi\/wp-json\/wp\/v2\/pages\/22744","targetHints":{"allow":["GET"]}}],"collection":[{"href":"https:\/\/www.fspcorp.com\/fi\/wp-json\/wp\/v2\/pages"}],"about":[{"href":"https:\/\/www.fspcorp.com\/fi\/wp-json\/wp\/v2\/types\/page"}],"author":[{"embeddable":true,"href":"https:\/\/www.fspcorp.com\/fi\/wp-json\/wp\/v2\/users\/1"}],"replies":[{"embeddable":true,"href":"https:\/\/www.fspcorp.com\/fi\/wp-json\/wp\/v2\/comments?post=22744"}],"version-history":[{"count":19,"href":"https:\/\/www.fspcorp.com\/fi\/wp-json\/wp\/v2\/pages\/22744\/revisions"}],"predecessor-version":[{"id":23282,"href":"https:\/\/www.fspcorp.com\/fi\/wp-json\/wp\/v2\/pages\/22744\/revisions\/23282"}],"up":[{"embeddable":true,"href":"https:\/\/www.fspcorp.com\/fi\/wp-json\/wp\/v2\/pages\/11916"}],"wp:attachment":[{"href":"https:\/\/www.fspcorp.com\/fi\/wp-json\/wp\/v2\/media?parent=22744"}],"curies":[{"name":"wp","href":"https:\/\/api.w.org\/{rel}","templated":true}]}}