{"id":20046,"date":"2022-04-05T10:22:23","date_gmt":"2022-04-05T07:22:23","guid":{"rendered":"https:\/\/www.fspcorp.com\/qhes-politiikka\/"},"modified":"2025-02-27T10:16:43","modified_gmt":"2025-02-27T08:16:43","slug":"qhes-politiikka","status":"publish","type":"page","link":"https:\/\/www.fspcorp.com\/fi\/qhes-politiikka\/","title":{"rendered":"QHES-politiikka"},"content":{"rendered":"\t\t<div data-elementor-type=\"wp-page\" data-elementor-id=\"20046\" class=\"elementor elementor-20046 elementor-20020\" data-elementor-post-type=\"page\">\n\t\t\t\t\t\t<section class=\"elementor-section elementor-top-section elementor-element elementor-element-938bf63 elementor-section-height-min-height elementor-section-boxed elementor-section-height-default elementor-section-items-middle\" data-id=\"938bf63\" data-element_type=\"section\" data-e-type=\"section\" data-settings=\"{&quot;background_background&quot;:&quot;classic&quot;}\">\n\t\t\t\t\t\t\t<div class=\"elementor-background-overlay\"><\/div>\n\t\t\t\t\t\t\t<div class=\"elementor-container elementor-column-gap-default\">\n\t\t\t\t\t<div class=\"elementor-column elementor-col-100 elementor-top-column elementor-element elementor-element-22603a99\" data-id=\"22603a99\" data-element_type=\"column\" data-e-type=\"column\">\n\t\t\t<div class=\"elementor-widget-wrap elementor-element-populated\">\n\t\t\t\t\t\t<div class=\"elementor-element elementor-element-6733ba25 elementor-widget elementor-widget-heading\" data-id=\"6733ba25\" data-element_type=\"widget\" data-e-type=\"widget\" data-widget_type=\"heading.default\">\n\t\t\t\t<div class=\"elementor-widget-container\">\n\t\t\t\t\t<h1 class=\"elementor-heading-title elementor-size-default\">QHES-politiikka<\/h1>\t\t\t\t<\/div>\n\t\t\t\t<\/div>\n\t\t\t\t\t<\/div>\n\t\t<\/div>\n\t\t\t\t\t<\/div>\n\t\t<\/section>\n\t\t\t\t<section class=\"elementor-section elementor-top-section elementor-element elementor-element-296acfeb elementor-section-boxed elementor-section-height-default elementor-section-height-default\" data-id=\"296acfeb\" data-element_type=\"section\" data-e-type=\"section\">\n\t\t\t\t\t\t<div class=\"elementor-container elementor-column-gap-default\">\n\t\t\t\t\t<div class=\"elementor-column elementor-col-50 elementor-top-column elementor-element elementor-element-471bc24b\" data-id=\"471bc24b\" data-element_type=\"column\" data-e-type=\"column\">\n\t\t\t<div class=\"elementor-widget-wrap elementor-element-populated\">\n\t\t\t\t\t\t<div class=\"elementor-element elementor-element-5baa5c29 elementor-widget elementor-widget-heading\" data-id=\"5baa5c29\" data-element_type=\"widget\" data-e-type=\"widget\" data-widget_type=\"heading.default\">\n\t\t\t\t<div class=\"elementor-widget-container\">\n\t\t\t\t\t<h3 class=\"elementor-heading-title elementor-size-default\">FSP For Surface Protection Oy: toimintatapamme<\/h3>\t\t\t\t<\/div>\n\t\t\t\t<\/div>\n\t\t\t\t\t<\/div>\n\t\t<\/div>\n\t\t\t\t<div class=\"elementor-column elementor-col-50 elementor-top-column elementor-element elementor-element-762e9e64\" data-id=\"762e9e64\" data-element_type=\"column\" data-e-type=\"column\">\n\t\t\t<div class=\"elementor-widget-wrap elementor-element-populated\">\n\t\t\t\t\t\t<div class=\"elementor-element elementor-element-26143156 elementor-widget elementor-widget-text-editor\" data-id=\"26143156\" data-element_type=\"widget\" data-e-type=\"widget\" data-widget_type=\"text-editor.default\">\n\t\t\t\t<div class=\"elementor-widget-container\">\n\t\t\t\t\t\t\t\t\t<p>Vastuullinen pintak\u00e4sittelypalvelu on toimintamme ydin. Palvelemme asiakkaitamme tuotantolaitoksissa sek\u00e4 projektikohteissa. Tunnistamme asiakkaan vaatimukset ja sitoudumme t\u00e4ytt\u00e4m\u00e4\u00e4n ne. Tarjoamme erilaisia lis\u00e4palveluita ja asiantuntijapalveluita maailmanlaajuisesti. Tavoitteemme on olla asiakkaalle helppo ja kokonaisvaltainen pintak\u00e4sittelyratkaisu.<\/p>\n<p><b>Haluamme ett\u00e4 asiakas on tyytyv\u00e4inen palveluumme<\/b>.<\/p>\n<p>Palvelumme laadun varmistamiseksi johtamisj\u00e4rjestelm\u00e4mme on sertifioitu. J\u00e4rjestelm\u00e4 on rakennettu standardien ISO 9001:2015-, ISO 14001:2015- sek\u00e4 ISO 45001:2018 pohjalta.<\/p>\n<p>Olemme sitoutuneet noudattamaan voimassa olevaa lains\u00e4\u00e4d\u00e4nt\u00f6\u00e4 sek\u00e4 muita sitovia velvoitteita.<\/p>\n<p>Olemme sitoutuneet jatkuvan parantamisen periaatteisiin seuraamalla aktiivisesti pintak\u00e4sittelyalan <b>innovaatioita. <\/b>Kehit\u00e4mme prosesseja niiden avulla.<\/p>\n<p>Laadun l\u00e4ht\u00f6kohtana on kunkin prosessin, teht\u00e4v\u00e4n tai ty\u00f6nkulun ominaispiirteiden ja turvallisen toteutustavan ymm\u00e4rt\u00e4minen. Kehit\u00e4mme toimintaamme jakamalla tietoa omien yksik\u00f6idemme parhaista k\u00e4yt\u00e4nn\u00f6ist\u00e4 ja oppimalla sidosryhmilt\u00e4mme.<\/p>\n<p>Jotta p\u00e4\u00e4semme tavoitteisiimme, on sek\u00e4 johto ett\u00e4 muu henkil\u00f6st\u00f6 sitoutunut avoimeen yhteisty\u00f6h\u00f6n asiakkaiden ja muiden sidosryhmiemme kanssa. <b>Henkil\u00f6st\u00f6n hyvinvointi <\/b>ja motivaatio ymm\u00e4rret\u00e4\u00e4n keskeiseksi kannattavan liiketoiminnan ja hyv\u00e4n asiakaspalvelun edellytykseksi. Tarjoamme koko henkil\u00f6st\u00f6llemme avoimen kanavan omien ideoiden ja innovaatioiden sek\u00e4 turvallisuushavaintojen julkaisemiseen. Huomioimme\u00a0 ty\u00f6turvallisuusriskit, niiden hallinta on t\u00e4rke\u00e4 osa ammattitaitoamme. Huolehdimme henkil\u00f6st\u00f6n ty\u00f6kyvyst\u00e4 ja toimimme terveyteen liittyviss\u00e4 asioissa yhteisty\u00f6ss\u00e4 henkil\u00f6st\u00f6n ja ty\u00f6terveyshuollon ammattilaisten kanssa.<\/p>\n<p>Olemme asettaneet toiminnalle <b>ymp\u00e4rist\u00f6ohjelman ja \u2013tavoitteet, <\/b>joiden avulla kehitymme ja pienenn\u00e4mme toimintamme haitallisia ymp\u00e4rist\u00f6vaikutuksia sek\u00e4 ehk\u00e4isemme haitallisia p\u00e4\u00e4st\u00f6j\u00e4. Tavoitteemme on tarjota ymp\u00e4rist\u00f6yst\u00e4v\u00e4llisempi\u00e4 ratkaisuja asiakkaillemme, hy\u00f6dynt\u00e4en my\u00f6s laajaa toimittajaverkostoamme.<\/p>\n\t\t\t\t\t\t\t\t<\/div>\n\t\t\t\t<\/div>\n\t\t\t\t<section class=\"elementor-section elementor-inner-section elementor-element elementor-element-8ee6b67 elementor-section-boxed elementor-section-height-default elementor-section-height-default\" data-id=\"8ee6b67\" data-element_type=\"section\" data-e-type=\"section\">\n\t\t\t\t\t\t<div class=\"elementor-container elementor-column-gap-default\">\n\t\t\t\t\t<div class=\"elementor-column elementor-col-50 elementor-inner-column elementor-element elementor-element-82c6a91\" data-id=\"82c6a91\" data-element_type=\"column\" data-e-type=\"column\">\n\t\t\t<div class=\"elementor-widget-wrap elementor-element-populated\">\n\t\t\t\t\t\t<div class=\"elementor-element elementor-element-8650d25 elementor-widget elementor-widget-heading\" data-id=\"8650d25\" data-element_type=\"widget\" data-e-type=\"widget\" data-widget_type=\"heading.default\">\n\t\t\t\t<div class=\"elementor-widget-container\">\n\t\t\t\t\t<h2 class=\"elementor-heading-title elementor-size-default\">Yhteyshenkil\u00f6<\/h2>\t\t\t\t<\/div>\n\t\t\t\t<\/div>\n\t\t\t\t<section class=\"elementor-section elementor-inner-section elementor-element elementor-element-a9a7d55 elementor-section-boxed elementor-section-height-default elementor-section-height-default\" data-id=\"a9a7d55\" data-element_type=\"section\" data-e-type=\"section\">\n\t\t\t\t\t\t<div class=\"elementor-container elementor-column-gap-default\">\n\t\t\t\t\t<div class=\"elementor-column elementor-col-100 elementor-inner-column elementor-element elementor-element-0ded264\" data-id=\"0ded264\" data-element_type=\"column\" data-e-type=\"column\">\n\t\t\t<div class=\"elementor-widget-wrap elementor-element-populated\">\n\t\t\t\t\t\t<div class=\"elementor-element elementor-element-2019d10 elementor-widget elementor-widget-heading\" data-id=\"2019d10\" data-element_type=\"widget\" data-e-type=\"widget\" data-widget_type=\"heading.default\">\n\t\t\t\t<div class=\"elementor-widget-container\">\n\t\t\t\t\t<h2 class=\"elementor-heading-title elementor-size-default\">Petri Rintala<\/h2>\t\t\t\t<\/div>\n\t\t\t\t<\/div>\n\t\t\t\t<div class=\"elementor-element elementor-element-6a67328 elementor-widget elementor-widget-text-editor\" data-id=\"6a67328\" data-element_type=\"widget\" data-e-type=\"widget\" data-widget_type=\"text-editor.default\">\n\t\t\t\t<div class=\"elementor-widget-container\">\n\t\t\t\t\t\t\t\t\t<p>General Manager<\/p>\t\t\t\t\t\t\t\t<\/div>\n\t\t\t\t<\/div>\n\t\t\t\t<div class=\"elementor-element elementor-element-fc46eb6 elementor-align-start elementor-icon-list--layout-traditional elementor-list-item-link-full_width elementor-widget elementor-widget-icon-list\" data-id=\"fc46eb6\" data-element_type=\"widget\" data-e-type=\"widget\" data-widget_type=\"icon-list.default\">\n\t\t\t\t<div class=\"elementor-widget-container\">\n\t\t\t\t\t\t\t<ul class=\"elementor-icon-list-items\">\n\t\t\t\t\t\t\t<li class=\"elementor-icon-list-item\">\n\t\t\t\t\t\t\t\t\t\t\t<a href=\"mailto:petri.rintala@fspcorp.com\">\n\n\t\t\t\t\t\t\t\t\t\t\t\t<span class=\"elementor-icon-list-icon\">\n\t\t\t\t\t\t\t<i aria-hidden=\"true\" class=\"fas fa-envelope\"><\/i>\t\t\t\t\t\t<\/span>\n\t\t\t\t\t\t\t\t\t\t<span class=\"elementor-icon-list-text\">petri.rintala@fspcorp.com<\/span>\n\t\t\t\t\t\t\t\t\t\t\t<\/a>\n\t\t\t\t\t\t\t\t\t<\/li>\n\t\t\t\t\t\t<\/ul>\n\t\t\t\t\t\t<\/div>\n\t\t\t\t<\/div>\n\t\t\t\t\t<\/div>\n\t\t<\/div>\n\t\t\t\t\t<\/div>\n\t\t<\/section>\n\t\t\t\t\t<\/div>\n\t\t<\/div>\n\t\t\t\t<div class=\"elementor-column elementor-col-50 elementor-inner-column elementor-element elementor-element-21057ca\" data-id=\"21057ca\" data-element_type=\"column\" data-e-type=\"column\">\n\t\t\t<div class=\"elementor-widget-wrap\">\n\t\t\t\t\t\t\t<\/div>\n\t\t<\/div>\n\t\t\t\t\t<\/div>\n\t\t<\/section>\n\t\t\t\t\t<\/div>\n\t\t<\/div>\n\t\t\t\t\t<\/div>\n\t\t<\/section>\n\t\t\t\t<section class=\"elementor-section elementor-top-section elementor-element elementor-element-08a6f46 elementor-section-height-min-height elementor-section-boxed elementor-section-height-default elementor-section-items-middle\" data-id=\"08a6f46\" data-element_type=\"section\" data-e-type=\"section\" data-settings=\"{&quot;background_background&quot;:&quot;classic&quot;}\">\n\t\t\t\t\t\t\t<div class=\"elementor-background-overlay\"><\/div>\n\t\t\t\t\t\t\t<div class=\"elementor-container elementor-column-gap-default\">\n\t\t\t\t\t<div class=\"elementor-column elementor-col-100 elementor-top-column elementor-element elementor-element-85f9a59\" data-id=\"85f9a59\" data-element_type=\"column\" data-e-type=\"column\">\n\t\t\t<div class=\"elementor-widget-wrap elementor-element-populated\">\n\t\t\t\t\t\t<section class=\"elementor-section elementor-inner-section elementor-element elementor-element-b42be4f elementor-section-boxed elementor-section-height-default elementor-section-height-default\" data-id=\"b42be4f\" data-element_type=\"section\" data-e-type=\"section\">\n\t\t\t\t\t\t<div class=\"elementor-container elementor-column-gap-default\">\n\t\t\t\t\t<div class=\"elementor-column elementor-col-50 elementor-inner-column elementor-element elementor-element-70be4cd\" data-id=\"70be4cd\" data-element_type=\"column\" data-e-type=\"column\">\n\t\t\t<div class=\"elementor-widget-wrap elementor-element-populated\">\n\t\t\t\t\t\t<div class=\"elementor-element elementor-element-7b11a8c elementor-widget elementor-widget-heading\" data-id=\"7b11a8c\" data-element_type=\"widget\" data-e-type=\"widget\" data-widget_type=\"heading.default\">\n\t\t\t\t<div class=\"elementor-widget-container\">\n\t\t\t\t\t<h2 class=\"elementor-heading-title elementor-size-default\">Ota yhteytt\u00e4<\/h2>\t\t\t\t<\/div>\n\t\t\t\t<\/div>\n\t\t\t\t\t<\/div>\n\t\t<\/div>\n\t\t\t\t<div class=\"elementor-column elementor-col-50 elementor-inner-column elementor-element elementor-element-6bda42c\" data-id=\"6bda42c\" data-element_type=\"column\" data-e-type=\"column\">\n\t\t\t<div class=\"elementor-widget-wrap elementor-element-populated\">\n\t\t\t\t\t\t<div class=\"elementor-element elementor-element-7b8e9d8 elementor-align-center elementor-widget elementor-widget-button\" data-id=\"7b8e9d8\" data-element_type=\"widget\" data-e-type=\"widget\" data-widget_type=\"button.default\">\n\t\t\t\t<div class=\"elementor-widget-container\">\n\t\t\t\t\t\t\t\t\t<div class=\"elementor-button-wrapper\">\n\t\t\t\t\t<a class=\"elementor-button elementor-button-link elementor-size-sm\" href=\"https:\/\/www.fspcorp.com\/fi\/yhteystiedot\/\">\n\t\t\t\t\t\t<span class=\"elementor-button-content-wrapper\">\n\t\t\t\t\t\t\t\t\t<span class=\"elementor-button-text\">Yhteystiedot \u27f6<\/span>\n\t\t\t\t\t<\/span>\n\t\t\t\t\t<\/a>\n\t\t\t\t<\/div>\n\t\t\t\t\t\t\t\t<\/div>\n\t\t\t\t<\/div>\n\t\t\t\t\t<\/div>\n\t\t<\/div>\n\t\t\t\t\t<\/div>\n\t\t<\/section>\n\t\t\t\t\t<\/div>\n\t\t<\/div>\n\t\t\t\t\t<\/div>\n\t\t<\/section>\n\t\t\t\t<\/div>\n\t\t","protected":false},"excerpt":{"rendered":"<p>FSP For Surface Protection Oy: toimintatapamme Vastuullinen pintak\u00e4sittelypalvelu on toimintamme ydin. Palvelemme asiakkaitamme tuotantolaitoksissa sek\u00e4 projektikohteissa. Tunnistamme asiakkaan vaatimukset ja sitoudumme t\u00e4ytt\u00e4m\u00e4\u00e4n ne. Tarjoamme erilaisia lis\u00e4palveluita ja asiantuntijapalveluita maailmanlaajuisesti. Tavoitteemme on olla asiakkaalle helppo ja kokonaisvaltainen pintak\u00e4sittelyratkaisu. Haluamme ett\u00e4 asiakas on tyytyv\u00e4inen palveluumme. Palvelumme laadun varmistamiseksi johtamisj\u00e4rjestelm\u00e4mme on sertifioitu. J\u00e4rjestelm\u00e4 on rakennettu standardien ISO 9001:2015-, [&hellip;]<\/p>\n","protected":false},"author":7,"featured_media":0,"parent":0,"menu_order":0,"comment_status":"closed","ping_status":"closed","template":"","meta":{"footnotes":""},"class_list":["post-20046","page","type-page","status-publish","hentry"],"yoast_head":"<!-- This site is optimized with the Yoast SEO plugin v27.3 - https:\/\/yoast.com\/product\/yoast-seo-wordpress\/ -->\n<title>QHES-politiikka - FSP<\/title>\n<meta name=\"robots\" content=\"index, follow, max-snippet:-1, max-image-preview:large, max-video-preview:-1\" \/>\n<link rel=\"canonical\" href=\"https:\/\/www.fspcorp.com\/fi\/qhes-politiikka\/\" \/>\n<meta property=\"og:locale\" content=\"fi_FI\" \/>\n<meta property=\"og:type\" content=\"article\" \/>\n<meta property=\"og:title\" content=\"QHES-politiikka - FSP\" \/>\n<meta property=\"og:description\" content=\"FSP For Surface Protection Oy: toimintatapamme Vastuullinen pintak\u00e4sittelypalvelu on toimintamme ydin. Palvelemme asiakkaitamme tuotantolaitoksissa sek\u00e4 projektikohteissa. Tunnistamme asiakkaan vaatimukset ja sitoudumme t\u00e4ytt\u00e4m\u00e4\u00e4n ne. Tarjoamme erilaisia lis\u00e4palveluita ja asiantuntijapalveluita maailmanlaajuisesti. Tavoitteemme on olla asiakkaalle helppo ja kokonaisvaltainen pintak\u00e4sittelyratkaisu. Haluamme ett\u00e4 asiakas on tyytyv\u00e4inen palveluumme. Palvelumme laadun varmistamiseksi johtamisj\u00e4rjestelm\u00e4mme on sertifioitu. J\u00e4rjestelm\u00e4 on rakennettu standardien ISO 9001:2015-, [&hellip;]\" \/>\n<meta property=\"og:url\" content=\"https:\/\/www.fspcorp.com\/fi\/qhes-politiikka\/\" \/>\n<meta property=\"og:site_name\" content=\"FSP\" \/>\n<meta property=\"article:publisher\" content=\"https:\/\/www.facebook.com\/FSPForSurfaceProtection\/\" \/>\n<meta property=\"article:modified_time\" content=\"2025-02-27T08:16:43+00:00\" \/>\n<meta name=\"twitter:card\" content=\"summary_large_image\" \/>\n<meta name=\"twitter:label1\" content=\"Arvioitu lukuaika\" \/>\n\t<meta name=\"twitter:data1\" content=\"2 minuuttia\" \/>\n<script type=\"application\/ld+json\" class=\"yoast-schema-graph\">{\"@context\":\"https:\\\/\\\/schema.org\",\"@graph\":[{\"@type\":\"WebPage\",\"@id\":\"https:\\\/\\\/www.fspcorp.com\\\/fi\\\/qhes-politiikka\\\/\",\"url\":\"https:\\\/\\\/www.fspcorp.com\\\/fi\\\/qhes-politiikka\\\/\",\"name\":\"QHES-politiikka - FSP\",\"isPartOf\":{\"@id\":\"https:\\\/\\\/www.fspcorp.com\\\/fi\\\/#website\"},\"datePublished\":\"2022-04-05T07:22:23+00:00\",\"dateModified\":\"2025-02-27T08:16:43+00:00\",\"breadcrumb\":{\"@id\":\"https:\\\/\\\/www.fspcorp.com\\\/fi\\\/qhes-politiikka\\\/#breadcrumb\"},\"inLanguage\":\"fi\",\"potentialAction\":[{\"@type\":\"ReadAction\",\"target\":[\"https:\\\/\\\/www.fspcorp.com\\\/fi\\\/qhes-politiikka\\\/\"]}]},{\"@type\":\"BreadcrumbList\",\"@id\":\"https:\\\/\\\/www.fspcorp.com\\\/fi\\\/qhes-politiikka\\\/#breadcrumb\",\"itemListElement\":[{\"@type\":\"ListItem\",\"position\":1,\"name\":\"Home\",\"item\":\"https:\\\/\\\/www.fspcorp.com\\\/fi\\\/\"},{\"@type\":\"ListItem\",\"position\":2,\"name\":\"QHES-politiikka\"}]},{\"@type\":\"WebSite\",\"@id\":\"https:\\\/\\\/www.fspcorp.com\\\/fi\\\/#website\",\"url\":\"https:\\\/\\\/www.fspcorp.com\\\/fi\\\/\",\"name\":\"FSP\",\"description\":\"For Surface Protection\",\"publisher\":{\"@id\":\"https:\\\/\\\/www.fspcorp.com\\\/fi\\\/#organization\"},\"potentialAction\":[{\"@type\":\"SearchAction\",\"target\":{\"@type\":\"EntryPoint\",\"urlTemplate\":\"https:\\\/\\\/www.fspcorp.com\\\/fi\\\/?s={search_term_string}\"},\"query-input\":{\"@type\":\"PropertyValueSpecification\",\"valueRequired\":true,\"valueName\":\"search_term_string\"}}],\"inLanguage\":\"fi\"},{\"@type\":\"Organization\",\"@id\":\"https:\\\/\\\/www.fspcorp.com\\\/fi\\\/#organization\",\"name\":\"FSP For Surface Protection Ltd\",\"url\":\"https:\\\/\\\/www.fspcorp.com\\\/fi\\\/\",\"logo\":{\"@type\":\"ImageObject\",\"inLanguage\":\"fi\",\"@id\":\"https:\\\/\\\/www.fspcorp.com\\\/fi\\\/#\\\/schema\\\/logo\\\/image\\\/\",\"url\":\"https:\\\/\\\/www.fspcorp.com\\\/wp-content\\\/uploads\\\/2021\\\/09\\\/FSP_logo_line_RGB.png\",\"contentUrl\":\"https:\\\/\\\/www.fspcorp.com\\\/wp-content\\\/uploads\\\/2021\\\/09\\\/FSP_logo_line_RGB.png\",\"width\":710,\"height\":339,\"caption\":\"FSP For Surface Protection Ltd\"},\"image\":{\"@id\":\"https:\\\/\\\/www.fspcorp.com\\\/fi\\\/#\\\/schema\\\/logo\\\/image\\\/\"},\"sameAs\":[\"https:\\\/\\\/www.facebook.com\\\/FSPForSurfaceProtection\\\/\",\"https:\\\/\\\/www.linkedin.com\\\/company\\\/fsp-for-surface-protection\\\/\"]}]}<\/script>\n<!-- \/ Yoast SEO plugin. -->","yoast_head_json":{"title":"QHES-politiikka - FSP","robots":{"index":"index","follow":"follow","max-snippet":"max-snippet:-1","max-image-preview":"max-image-preview:large","max-video-preview":"max-video-preview:-1"},"canonical":"https:\/\/www.fspcorp.com\/fi\/qhes-politiikka\/","og_locale":"fi_FI","og_type":"article","og_title":"QHES-politiikka - FSP","og_description":"FSP For Surface Protection Oy: toimintatapamme Vastuullinen pintak\u00e4sittelypalvelu on toimintamme ydin. Palvelemme asiakkaitamme tuotantolaitoksissa sek\u00e4 projektikohteissa. Tunnistamme asiakkaan vaatimukset ja sitoudumme t\u00e4ytt\u00e4m\u00e4\u00e4n ne. Tarjoamme erilaisia lis\u00e4palveluita ja asiantuntijapalveluita maailmanlaajuisesti. Tavoitteemme on olla asiakkaalle helppo ja kokonaisvaltainen pintak\u00e4sittelyratkaisu. Haluamme ett\u00e4 asiakas on tyytyv\u00e4inen palveluumme. Palvelumme laadun varmistamiseksi johtamisj\u00e4rjestelm\u00e4mme on sertifioitu. J\u00e4rjestelm\u00e4 on rakennettu standardien ISO 9001:2015-, [&hellip;]","og_url":"https:\/\/www.fspcorp.com\/fi\/qhes-politiikka\/","og_site_name":"FSP","article_publisher":"https:\/\/www.facebook.com\/FSPForSurfaceProtection\/","article_modified_time":"2025-02-27T08:16:43+00:00","twitter_card":"summary_large_image","twitter_misc":{"Arvioitu lukuaika":"2 minuuttia"},"schema":{"@context":"https:\/\/schema.org","@graph":[{"@type":"WebPage","@id":"https:\/\/www.fspcorp.com\/fi\/qhes-politiikka\/","url":"https:\/\/www.fspcorp.com\/fi\/qhes-politiikka\/","name":"QHES-politiikka - FSP","isPartOf":{"@id":"https:\/\/www.fspcorp.com\/fi\/#website"},"datePublished":"2022-04-05T07:22:23+00:00","dateModified":"2025-02-27T08:16:43+00:00","breadcrumb":{"@id":"https:\/\/www.fspcorp.com\/fi\/qhes-politiikka\/#breadcrumb"},"inLanguage":"fi","potentialAction":[{"@type":"ReadAction","target":["https:\/\/www.fspcorp.com\/fi\/qhes-politiikka\/"]}]},{"@type":"BreadcrumbList","@id":"https:\/\/www.fspcorp.com\/fi\/qhes-politiikka\/#breadcrumb","itemListElement":[{"@type":"ListItem","position":1,"name":"Home","item":"https:\/\/www.fspcorp.com\/fi\/"},{"@type":"ListItem","position":2,"name":"QHES-politiikka"}]},{"@type":"WebSite","@id":"https:\/\/www.fspcorp.com\/fi\/#website","url":"https:\/\/www.fspcorp.com\/fi\/","name":"FSP","description":"For Surface Protection","publisher":{"@id":"https:\/\/www.fspcorp.com\/fi\/#organization"},"potentialAction":[{"@type":"SearchAction","target":{"@type":"EntryPoint","urlTemplate":"https:\/\/www.fspcorp.com\/fi\/?s={search_term_string}"},"query-input":{"@type":"PropertyValueSpecification","valueRequired":true,"valueName":"search_term_string"}}],"inLanguage":"fi"},{"@type":"Organization","@id":"https:\/\/www.fspcorp.com\/fi\/#organization","name":"FSP For Surface Protection Ltd","url":"https:\/\/www.fspcorp.com\/fi\/","logo":{"@type":"ImageObject","inLanguage":"fi","@id":"https:\/\/www.fspcorp.com\/fi\/#\/schema\/logo\/image\/","url":"https:\/\/www.fspcorp.com\/wp-content\/uploads\/2021\/09\/FSP_logo_line_RGB.png","contentUrl":"https:\/\/www.fspcorp.com\/wp-content\/uploads\/2021\/09\/FSP_logo_line_RGB.png","width":710,"height":339,"caption":"FSP For Surface Protection Ltd"},"image":{"@id":"https:\/\/www.fspcorp.com\/fi\/#\/schema\/logo\/image\/"},"sameAs":["https:\/\/www.facebook.com\/FSPForSurfaceProtection\/","https:\/\/www.linkedin.com\/company\/fsp-for-surface-protection\/"]}]}},"_links":{"self":[{"href":"https:\/\/www.fspcorp.com\/fi\/wp-json\/wp\/v2\/pages\/20046","targetHints":{"allow":["GET"]}}],"collection":[{"href":"https:\/\/www.fspcorp.com\/fi\/wp-json\/wp\/v2\/pages"}],"about":[{"href":"https:\/\/www.fspcorp.com\/fi\/wp-json\/wp\/v2\/types\/page"}],"author":[{"embeddable":true,"href":"https:\/\/www.fspcorp.com\/fi\/wp-json\/wp\/v2\/users\/7"}],"replies":[{"embeddable":true,"href":"https:\/\/www.fspcorp.com\/fi\/wp-json\/wp\/v2\/comments?post=20046"}],"version-history":[{"count":10,"href":"https:\/\/www.fspcorp.com\/fi\/wp-json\/wp\/v2\/pages\/20046\/revisions"}],"predecessor-version":[{"id":23340,"href":"https:\/\/www.fspcorp.com\/fi\/wp-json\/wp\/v2\/pages\/20046\/revisions\/23340"}],"wp:attachment":[{"href":"https:\/\/www.fspcorp.com\/fi\/wp-json\/wp\/v2\/media?parent=20046"}],"curies":[{"name":"wp","href":"https:\/\/api.w.org\/{rel}","templated":true}]}}