{"id":15312,"date":"2021-12-20T13:22:24","date_gmt":"2021-12-20T11:22:24","guid":{"rendered":"https:\/\/zeroten.palvelin.pro\/f21\/?page_id=15312"},"modified":"2025-11-12T14:41:41","modified_gmt":"2025-11-12T12:41:41","slug":"laskutusosoitteet","status":"publish","type":"page","link":"https:\/\/www.fspcorp.com\/fi\/yhteystiedot\/laskutusosoitteet\/","title":{"rendered":"Laskutusosoitteet"},"content":{"rendered":"\t\t<div data-elementor-type=\"wp-page\" data-elementor-id=\"15312\" class=\"elementor elementor-15312\" data-elementor-post-type=\"page\">\n\t\t\t\t\t\t<section class=\"elementor-section elementor-top-section elementor-element elementor-element-1521d30b elementor-section-height-min-height elementor-section-boxed elementor-section-height-default elementor-section-items-middle\" data-id=\"1521d30b\" data-element_type=\"section\" data-e-type=\"section\" data-settings=\"{&quot;background_background&quot;:&quot;classic&quot;}\">\n\t\t\t\t\t\t\t<div class=\"elementor-background-overlay\"><\/div>\n\t\t\t\t\t\t\t<div class=\"elementor-container elementor-column-gap-default\">\n\t\t\t\t\t<div class=\"elementor-column elementor-col-100 elementor-top-column elementor-element elementor-element-70bc0756\" data-id=\"70bc0756\" data-element_type=\"column\" data-e-type=\"column\">\n\t\t\t<div class=\"elementor-widget-wrap elementor-element-populated\">\n\t\t\t\t\t\t<div class=\"elementor-element elementor-element-64011e1e elementor-widget elementor-widget-heading\" data-id=\"64011e1e\" data-element_type=\"widget\" data-e-type=\"widget\" data-widget_type=\"heading.default\">\n\t\t\t\t<div class=\"elementor-widget-container\">\n\t\t\t\t\t<h1 class=\"elementor-heading-title elementor-size-default\">Laskutusosoitteet<\/h1>\t\t\t\t<\/div>\n\t\t\t\t<\/div>\n\t\t\t\t\t<\/div>\n\t\t<\/div>\n\t\t\t\t\t<\/div>\n\t\t<\/section>\n\t\t\t\t<section class=\"elementor-section elementor-top-section elementor-element elementor-element-3c738f94 elementor-section-boxed elementor-section-height-default elementor-section-height-default\" data-id=\"3c738f94\" data-element_type=\"section\" data-e-type=\"section\">\n\t\t\t\t\t\t<div class=\"elementor-container elementor-column-gap-default\">\n\t\t\t\t\t<div class=\"elementor-column elementor-col-50 elementor-top-column elementor-element elementor-element-7265bfb\" data-id=\"7265bfb\" data-element_type=\"column\" data-e-type=\"column\">\n\t\t\t<div class=\"elementor-widget-wrap elementor-element-populated\">\n\t\t\t\t\t\t<div class=\"elementor-element elementor-element-622d6382 elementor-widget elementor-widget-heading\" data-id=\"622d6382\" data-element_type=\"widget\" data-e-type=\"widget\" data-widget_type=\"heading.default\">\n\t\t\t\t<div class=\"elementor-widget-container\">\n\t\t\t\t\t<h3 class=\"elementor-heading-title elementor-size-default\">Laskutusosoitteet<\/h3>\t\t\t\t<\/div>\n\t\t\t\t<\/div>\n\t\t\t\t<div class=\"elementor-element elementor-element-62ff91a2 elementor-widget elementor-widget-text-editor\" data-id=\"62ff91a2\" data-element_type=\"widget\" data-e-type=\"widget\" data-widget_type=\"text-editor.default\">\n\t\t\t\t<div class=\"elementor-widget-container\">\n\t\t\t\t\t\t\t\t\t<p>Toivomme saavamme laskut ensisijaisesti verkkolaskuina. Emme k\u00e4sittele paperilaskuja. Jokaisella laskulla tulee olla FSP:n toimittama yksikk\u00f6tieto tai 11-merkkinen ostotilausnumero (PO10xxxxxxx). Ilman ko. tietoja emme voi hyv\u00e4ksy\u00e4 laskuja.<\/p>\n<p>Muu posti tulee l\u00e4hett\u00e4\u00e4 suoraan toimipisteelle tai p\u00e4\u00e4konttorille.<\/p>\n<p>S\u00e4hk\u00f6posti: <a href=\"mailto:fsp@fspcorp.com\">fsp@fspcorp.com<\/a><\/p>\n<p>Henkil\u00f6kohtaiset s\u00e4hk\u00f6postit:<br>etunimi.sukunimi@fspcorp.com<\/p>\t\t\t\t\t\t\t\t<\/div>\n\t\t\t\t<\/div>\n\t\t\t\t<div class=\"elementor-element elementor-element-fc84b98 elementor-widget elementor-widget-heading\" data-id=\"fc84b98\" data-element_type=\"widget\" data-e-type=\"widget\" data-widget_type=\"heading.default\">\n\t\t\t\t<div class=\"elementor-widget-container\">\n\t\t\t\t\t<h3 class=\"elementor-heading-title elementor-size-default\">Konserni<\/h3>\t\t\t\t<\/div>\n\t\t\t\t<\/div>\n\t\t\t\t<div class=\"elementor-element elementor-element-652fc01 elementor-widget elementor-widget-text-editor\" data-id=\"652fc01\" data-element_type=\"widget\" data-e-type=\"widget\" data-widget_type=\"text-editor.default\">\n\t\t\t\t<div class=\"elementor-widget-container\">\n\t\t\t\t\t\t\t\t\t<p><strong>FSP For Surface Protection Oy<\/strong><\/p><p>Y-tunnus: 1708912-8<\/p><p><strong>Ensisijainen laskutusosoite:\u00a0<\/strong><\/p><p>Verkkolaskuosoite: 003717089128<\/p><p>Operaattori: Maventa<br \/>Operaattori ID: 003721291126<\/p><p>Jos ette pysty l\u00e4hett\u00e4m\u00e4\u00e4n e-laskuja, tulee lasku l\u00e4hett\u00e4\u00e4 pdf-tiedostona alla olevaan s\u00e4hk\u00f6postosoitteeseen. <strong><br \/><\/strong><\/p><p><a href=\"mailto:FSP@fspcorp.com\">FSP@fspcorp.com <\/a><\/p><p>Emme vastaanota paperilaskuja.<\/p>\t\t\t\t\t\t\t\t<\/div>\n\t\t\t\t<\/div>\n\t\t\t\t\t<\/div>\n\t\t<\/div>\n\t\t\t\t<div class=\"elementor-column elementor-col-50 elementor-top-column elementor-element elementor-element-4a2b4e7d\" data-id=\"4a2b4e7d\" data-element_type=\"column\" data-e-type=\"column\">\n\t\t\t<div class=\"elementor-widget-wrap elementor-element-populated\">\n\t\t\t\t\t\t<div class=\"elementor-element elementor-element-4e7b9df elementor-widget elementor-widget-heading\" data-id=\"4e7b9df\" data-element_type=\"widget\" data-e-type=\"widget\" data-widget_type=\"heading.default\">\n\t\t\t\t<div class=\"elementor-widget-container\">\n\t\t\t\t\t<h3 class=\"elementor-heading-title elementor-size-default\">Suomi<\/h3>\t\t\t\t<\/div>\n\t\t\t\t<\/div>\n\t\t\t\t<div class=\"elementor-element elementor-element-1095849 elementor-widget elementor-widget-text-editor\" data-id=\"1095849\" data-element_type=\"widget\" data-e-type=\"widget\" data-widget_type=\"text-editor.default\">\n\t\t\t\t<div class=\"elementor-widget-container\">\n\t\t\t\t\t\t\t\t\t<p><strong>FSP For Surface Protection Finland Oy<\/strong><\/p><p>Y-tunnus: 3363176-5<\/p><p><strong>Ensisijainen laskutusosoite:<\/strong><strong style=\"background-color: var( --e-global-color-eab180e ); letter-spacing: 0px;\">\u00a0<\/strong><\/p><p>Verkkolaskuosoite: 003733631765<\/p><p>Operaattori: Maventa<br \/>Operaattori ID: 003721291126<strong><br \/><\/strong><\/p><p>Jos ette pysty l\u00e4hett\u00e4m\u00e4\u00e4n e-laskuja, tulee lasku l\u00e4hett\u00e4\u00e4 pdf-tiedostona alla olevaan s\u00e4hk\u00f6postosoitteeseen. <strong><br \/><\/strong><\/p><p><a href=\"mailto:FSPFinlandInvoices@fspcorp.com\">FSPFinlandInvoices@fspcorp.com <\/a><\/p><p>Emme vastaanota paperilaskuja.<\/p>\t\t\t\t\t\t\t\t<\/div>\n\t\t\t\t<\/div>\n\t\t\t\t<div class=\"elementor-element elementor-element-25cccd3d elementor-widget-divider--view-line elementor-widget elementor-widget-divider\" data-id=\"25cccd3d\" data-element_type=\"widget\" data-e-type=\"widget\" data-widget_type=\"divider.default\">\n\t\t\t\t<div class=\"elementor-widget-container\">\n\t\t\t\t\t\t\t<div class=\"elementor-divider\">\n\t\t\t<span class=\"elementor-divider-separator\">\n\t\t\t\t\t\t<\/span>\n\t\t<\/div>\n\t\t\t\t\t\t<\/div>\n\t\t\t\t<\/div>\n\t\t\t\t<div class=\"elementor-element elementor-element-aa26015 elementor-widget elementor-widget-heading\" data-id=\"aa26015\" data-element_type=\"widget\" data-e-type=\"widget\" data-widget_type=\"heading.default\">\n\t\t\t\t<div class=\"elementor-widget-container\">\n\t\t\t\t\t<h3 class=\"elementor-heading-title elementor-size-default\">Viro<\/h3>\t\t\t\t<\/div>\n\t\t\t\t<\/div>\n\t\t\t\t<div class=\"elementor-element elementor-element-f3803f9 elementor-widget elementor-widget-text-editor\" data-id=\"f3803f9\" data-element_type=\"widget\" data-e-type=\"widget\" data-widget_type=\"text-editor.default\">\n\t\t\t\t<div class=\"elementor-widget-container\">\n\t\t\t\t\t\t\t\t\t<p><strong>FSP Steel Painting O\u00fc<\/strong><\/p><p>Y-tunnus: 11272463<br \/>ALV-numero: EE101095435<\/p><p>Laskutusosoite: <a href=\"mailto:FSPEstoniaInvoices@fspcorp.com\">FSPEstoniaInvoices@fspcorp.com<\/a><\/p>\t\t\t\t\t\t\t\t<\/div>\n\t\t\t\t<\/div>\n\t\t\t\t<div class=\"elementor-element elementor-element-d46cf35 elementor-widget-divider--view-line elementor-widget elementor-widget-divider\" data-id=\"d46cf35\" data-element_type=\"widget\" data-e-type=\"widget\" data-widget_type=\"divider.default\">\n\t\t\t\t<div class=\"elementor-widget-container\">\n\t\t\t\t\t\t\t<div class=\"elementor-divider\">\n\t\t\t<span class=\"elementor-divider-separator\">\n\t\t\t\t\t\t<\/span>\n\t\t<\/div>\n\t\t\t\t\t\t<\/div>\n\t\t\t\t<\/div>\n\t\t\t\t<div class=\"elementor-element elementor-element-070f86f elementor-widget elementor-widget-heading\" data-id=\"070f86f\" data-element_type=\"widget\" data-e-type=\"widget\" data-widget_type=\"heading.default\">\n\t\t\t\t<div class=\"elementor-widget-container\">\n\t\t\t\t\t<h3 class=\"elementor-heading-title elementor-size-default\">Puola<\/h3>\t\t\t\t<\/div>\n\t\t\t\t<\/div>\n\t\t\t\t<div class=\"elementor-element elementor-element-f88d2da elementor-widget elementor-widget-text-editor\" data-id=\"f88d2da\" data-element_type=\"widget\" data-e-type=\"widget\" data-widget_type=\"text-editor.default\">\n\t\t\t\t<div class=\"elementor-widget-container\">\n\t\t\t\t\t\t\t\t\t<p><strong>FSP Steel Painting Sp. Z o.o<\/strong><\/p><p>Y-tunnus: KRS 0000360717<br \/>ALV-numero: PL5213573188<\/p><p>Laskutusosoite: <a href=\"mailto:FSPPolandInvoices@fspcorp.com\">FSPPolandInvoices@fspcorp.com<\/a><\/p>\t\t\t\t\t\t\t\t<\/div>\n\t\t\t\t<\/div>\n\t\t\t\t<div class=\"elementor-element elementor-element-e81d642 elementor-widget-divider--view-line elementor-widget elementor-widget-divider\" data-id=\"e81d642\" data-element_type=\"widget\" data-e-type=\"widget\" data-widget_type=\"divider.default\">\n\t\t\t\t<div class=\"elementor-widget-container\">\n\t\t\t\t\t\t\t<div class=\"elementor-divider\">\n\t\t\t<span class=\"elementor-divider-separator\">\n\t\t\t\t\t\t<\/span>\n\t\t<\/div>\n\t\t\t\t\t\t<\/div>\n\t\t\t\t<\/div>\n\t\t\t\t\t<\/div>\n\t\t<\/div>\n\t\t\t\t\t<\/div>\n\t\t<\/section>\n\t\t\t\t<\/div>\n\t\t","protected":false},"excerpt":{"rendered":"<p>Laskutusosoitteet Toivomme saavamme laskut ensisijaisesti verkkolaskuina. Emme k\u00e4sittele paperilaskuja. Jokaisella laskulla tulee olla FSP:n toimittama yksikk\u00f6tieto tai 11-merkkinen ostotilausnumero (PO10xxxxxxx). Ilman ko. tietoja emme voi hyv\u00e4ksy\u00e4 laskuja. Muu posti tulee l\u00e4hett\u00e4\u00e4 suoraan toimipisteelle tai p\u00e4\u00e4konttorille. S\u00e4hk\u00f6posti: fsp@fspcorp.com Henkil\u00f6kohtaiset s\u00e4hk\u00f6postit:etunimi.sukunimi@fspcorp.com Konserni FSP For Surface Protection Oy Y-tunnus: 1708912-8 Ensisijainen laskutusosoite:\u00a0 Verkkolaskuosoite: 003717089128 Operaattori: MaventaOperaattori ID: 003721291126 [&hellip;]<\/p>\n","protected":false},"author":7,"featured_media":0,"parent":11916,"menu_order":0,"comment_status":"closed","ping_status":"closed","template":"","meta":{"footnotes":""},"class_list":["post-15312","page","type-page","status-publish","hentry"],"yoast_head":"<!-- This site is optimized with the Yoast SEO plugin v27.3 - https:\/\/yoast.com\/product\/yoast-seo-wordpress\/ -->\n<title>Laskutusosoitteet - FSP<\/title>\n<meta name=\"robots\" content=\"index, follow, max-snippet:-1, max-image-preview:large, max-video-preview:-1\" \/>\n<link rel=\"canonical\" href=\"https:\/\/www.fspcorp.com\/fi\/yhteystiedot\/laskutusosoitteet\/\" \/>\n<meta property=\"og:locale\" content=\"fi_FI\" \/>\n<meta property=\"og:type\" content=\"article\" \/>\n<meta property=\"og:title\" content=\"Laskutusosoitteet - FSP\" \/>\n<meta property=\"og:description\" content=\"Laskutusosoitteet Toivomme saavamme laskut ensisijaisesti verkkolaskuina. Emme k\u00e4sittele paperilaskuja. Jokaisella laskulla tulee olla FSP:n toimittama yksikk\u00f6tieto tai 11-merkkinen ostotilausnumero (PO10xxxxxxx). Ilman ko. tietoja emme voi hyv\u00e4ksy\u00e4 laskuja. Muu posti tulee l\u00e4hett\u00e4\u00e4 suoraan toimipisteelle tai p\u00e4\u00e4konttorille. S\u00e4hk\u00f6posti: fsp@fspcorp.com Henkil\u00f6kohtaiset s\u00e4hk\u00f6postit:etunimi.sukunimi@fspcorp.com Konserni FSP For Surface Protection Oy Y-tunnus: 1708912-8 Ensisijainen laskutusosoite:\u00a0 Verkkolaskuosoite: 003717089128 Operaattori: MaventaOperaattori ID: 003721291126 [&hellip;]\" \/>\n<meta property=\"og:url\" content=\"https:\/\/www.fspcorp.com\/fi\/yhteystiedot\/laskutusosoitteet\/\" \/>\n<meta property=\"og:site_name\" content=\"FSP\" \/>\n<meta property=\"article:publisher\" content=\"https:\/\/www.facebook.com\/FSPForSurfaceProtection\/\" \/>\n<meta property=\"article:modified_time\" content=\"2025-11-12T12:41:41+00:00\" \/>\n<meta name=\"twitter:card\" content=\"summary_large_image\" \/>\n<meta name=\"twitter:label1\" content=\"Arvioitu lukuaika\" \/>\n\t<meta name=\"twitter:data1\" content=\"1 minuutti\" \/>\n<script type=\"application\/ld+json\" class=\"yoast-schema-graph\">{\"@context\":\"https:\\\/\\\/schema.org\",\"@graph\":[{\"@type\":\"WebPage\",\"@id\":\"https:\\\/\\\/www.fspcorp.com\\\/fi\\\/yhteystiedot\\\/laskutusosoitteet\\\/\",\"url\":\"https:\\\/\\\/www.fspcorp.com\\\/fi\\\/yhteystiedot\\\/laskutusosoitteet\\\/\",\"name\":\"Laskutusosoitteet - FSP\",\"isPartOf\":{\"@id\":\"https:\\\/\\\/www.fspcorp.com\\\/fi\\\/#website\"},\"datePublished\":\"2021-12-20T11:22:24+00:00\",\"dateModified\":\"2025-11-12T12:41:41+00:00\",\"breadcrumb\":{\"@id\":\"https:\\\/\\\/www.fspcorp.com\\\/fi\\\/yhteystiedot\\\/laskutusosoitteet\\\/#breadcrumb\"},\"inLanguage\":\"fi\",\"potentialAction\":[{\"@type\":\"ReadAction\",\"target\":[\"https:\\\/\\\/www.fspcorp.com\\\/fi\\\/yhteystiedot\\\/laskutusosoitteet\\\/\"]}]},{\"@type\":\"BreadcrumbList\",\"@id\":\"https:\\\/\\\/www.fspcorp.com\\\/fi\\\/yhteystiedot\\\/laskutusosoitteet\\\/#breadcrumb\",\"itemListElement\":[{\"@type\":\"ListItem\",\"position\":1,\"name\":\"Home\",\"item\":\"https:\\\/\\\/www.fspcorp.com\\\/fi\\\/\"},{\"@type\":\"ListItem\",\"position\":2,\"name\":\"Yhteystiedot ja toimipisteet\",\"item\":\"https:\\\/\\\/www.fspcorp.com\\\/fi\\\/contacts\\\/\"},{\"@type\":\"ListItem\",\"position\":3,\"name\":\"Laskutusosoitteet\"}]},{\"@type\":\"WebSite\",\"@id\":\"https:\\\/\\\/www.fspcorp.com\\\/fi\\\/#website\",\"url\":\"https:\\\/\\\/www.fspcorp.com\\\/fi\\\/\",\"name\":\"FSP\",\"description\":\"For Surface Protection\",\"publisher\":{\"@id\":\"https:\\\/\\\/www.fspcorp.com\\\/fi\\\/#organization\"},\"potentialAction\":[{\"@type\":\"SearchAction\",\"target\":{\"@type\":\"EntryPoint\",\"urlTemplate\":\"https:\\\/\\\/www.fspcorp.com\\\/fi\\\/?s={search_term_string}\"},\"query-input\":{\"@type\":\"PropertyValueSpecification\",\"valueRequired\":true,\"valueName\":\"search_term_string\"}}],\"inLanguage\":\"fi\"},{\"@type\":\"Organization\",\"@id\":\"https:\\\/\\\/www.fspcorp.com\\\/fi\\\/#organization\",\"name\":\"FSP For Surface Protection Ltd\",\"url\":\"https:\\\/\\\/www.fspcorp.com\\\/fi\\\/\",\"logo\":{\"@type\":\"ImageObject\",\"inLanguage\":\"fi\",\"@id\":\"https:\\\/\\\/www.fspcorp.com\\\/fi\\\/#\\\/schema\\\/logo\\\/image\\\/\",\"url\":\"https:\\\/\\\/www.fspcorp.com\\\/wp-content\\\/uploads\\\/2021\\\/09\\\/FSP_logo_line_RGB.png\",\"contentUrl\":\"https:\\\/\\\/www.fspcorp.com\\\/wp-content\\\/uploads\\\/2021\\\/09\\\/FSP_logo_line_RGB.png\",\"width\":710,\"height\":339,\"caption\":\"FSP For Surface Protection Ltd\"},\"image\":{\"@id\":\"https:\\\/\\\/www.fspcorp.com\\\/fi\\\/#\\\/schema\\\/logo\\\/image\\\/\"},\"sameAs\":[\"https:\\\/\\\/www.facebook.com\\\/FSPForSurfaceProtection\\\/\",\"https:\\\/\\\/www.linkedin.com\\\/company\\\/fsp-for-surface-protection\\\/\"]}]}<\/script>\n<!-- \/ Yoast SEO plugin. -->","yoast_head_json":{"title":"Laskutusosoitteet - FSP","robots":{"index":"index","follow":"follow","max-snippet":"max-snippet:-1","max-image-preview":"max-image-preview:large","max-video-preview":"max-video-preview:-1"},"canonical":"https:\/\/www.fspcorp.com\/fi\/yhteystiedot\/laskutusosoitteet\/","og_locale":"fi_FI","og_type":"article","og_title":"Laskutusosoitteet - FSP","og_description":"Laskutusosoitteet Toivomme saavamme laskut ensisijaisesti verkkolaskuina. Emme k\u00e4sittele paperilaskuja. Jokaisella laskulla tulee olla FSP:n toimittama yksikk\u00f6tieto tai 11-merkkinen ostotilausnumero (PO10xxxxxxx). Ilman ko. tietoja emme voi hyv\u00e4ksy\u00e4 laskuja. Muu posti tulee l\u00e4hett\u00e4\u00e4 suoraan toimipisteelle tai p\u00e4\u00e4konttorille. S\u00e4hk\u00f6posti: fsp@fspcorp.com Henkil\u00f6kohtaiset s\u00e4hk\u00f6postit:etunimi.sukunimi@fspcorp.com Konserni FSP For Surface Protection Oy Y-tunnus: 1708912-8 Ensisijainen laskutusosoite:\u00a0 Verkkolaskuosoite: 003717089128 Operaattori: MaventaOperaattori ID: 003721291126 [&hellip;]","og_url":"https:\/\/www.fspcorp.com\/fi\/yhteystiedot\/laskutusosoitteet\/","og_site_name":"FSP","article_publisher":"https:\/\/www.facebook.com\/FSPForSurfaceProtection\/","article_modified_time":"2025-11-12T12:41:41+00:00","twitter_card":"summary_large_image","twitter_misc":{"Arvioitu lukuaika":"1 minuutti"},"schema":{"@context":"https:\/\/schema.org","@graph":[{"@type":"WebPage","@id":"https:\/\/www.fspcorp.com\/fi\/yhteystiedot\/laskutusosoitteet\/","url":"https:\/\/www.fspcorp.com\/fi\/yhteystiedot\/laskutusosoitteet\/","name":"Laskutusosoitteet - FSP","isPartOf":{"@id":"https:\/\/www.fspcorp.com\/fi\/#website"},"datePublished":"2021-12-20T11:22:24+00:00","dateModified":"2025-11-12T12:41:41+00:00","breadcrumb":{"@id":"https:\/\/www.fspcorp.com\/fi\/yhteystiedot\/laskutusosoitteet\/#breadcrumb"},"inLanguage":"fi","potentialAction":[{"@type":"ReadAction","target":["https:\/\/www.fspcorp.com\/fi\/yhteystiedot\/laskutusosoitteet\/"]}]},{"@type":"BreadcrumbList","@id":"https:\/\/www.fspcorp.com\/fi\/yhteystiedot\/laskutusosoitteet\/#breadcrumb","itemListElement":[{"@type":"ListItem","position":1,"name":"Home","item":"https:\/\/www.fspcorp.com\/fi\/"},{"@type":"ListItem","position":2,"name":"Yhteystiedot ja toimipisteet","item":"https:\/\/www.fspcorp.com\/fi\/contacts\/"},{"@type":"ListItem","position":3,"name":"Laskutusosoitteet"}]},{"@type":"WebSite","@id":"https:\/\/www.fspcorp.com\/fi\/#website","url":"https:\/\/www.fspcorp.com\/fi\/","name":"FSP","description":"For Surface Protection","publisher":{"@id":"https:\/\/www.fspcorp.com\/fi\/#organization"},"potentialAction":[{"@type":"SearchAction","target":{"@type":"EntryPoint","urlTemplate":"https:\/\/www.fspcorp.com\/fi\/?s={search_term_string}"},"query-input":{"@type":"PropertyValueSpecification","valueRequired":true,"valueName":"search_term_string"}}],"inLanguage":"fi"},{"@type":"Organization","@id":"https:\/\/www.fspcorp.com\/fi\/#organization","name":"FSP For Surface Protection Ltd","url":"https:\/\/www.fspcorp.com\/fi\/","logo":{"@type":"ImageObject","inLanguage":"fi","@id":"https:\/\/www.fspcorp.com\/fi\/#\/schema\/logo\/image\/","url":"https:\/\/www.fspcorp.com\/wp-content\/uploads\/2021\/09\/FSP_logo_line_RGB.png","contentUrl":"https:\/\/www.fspcorp.com\/wp-content\/uploads\/2021\/09\/FSP_logo_line_RGB.png","width":710,"height":339,"caption":"FSP For Surface Protection Ltd"},"image":{"@id":"https:\/\/www.fspcorp.com\/fi\/#\/schema\/logo\/image\/"},"sameAs":["https:\/\/www.facebook.com\/FSPForSurfaceProtection\/","https:\/\/www.linkedin.com\/company\/fsp-for-surface-protection\/"]}]}},"_links":{"self":[{"href":"https:\/\/www.fspcorp.com\/fi\/wp-json\/wp\/v2\/pages\/15312","targetHints":{"allow":["GET"]}}],"collection":[{"href":"https:\/\/www.fspcorp.com\/fi\/wp-json\/wp\/v2\/pages"}],"about":[{"href":"https:\/\/www.fspcorp.com\/fi\/wp-json\/wp\/v2\/types\/page"}],"author":[{"embeddable":true,"href":"https:\/\/www.fspcorp.com\/fi\/wp-json\/wp\/v2\/users\/7"}],"replies":[{"embeddable":true,"href":"https:\/\/www.fspcorp.com\/fi\/wp-json\/wp\/v2\/comments?post=15312"}],"version-history":[{"count":79,"href":"https:\/\/www.fspcorp.com\/fi\/wp-json\/wp\/v2\/pages\/15312\/revisions"}],"predecessor-version":[{"id":24031,"href":"https:\/\/www.fspcorp.com\/fi\/wp-json\/wp\/v2\/pages\/15312\/revisions\/24031"}],"up":[{"embeddable":true,"href":"https:\/\/www.fspcorp.com\/fi\/wp-json\/wp\/v2\/pages\/11916"}],"wp:attachment":[{"href":"https:\/\/www.fspcorp.com\/fi\/wp-json\/wp\/v2\/media?parent=15312"}],"curies":[{"name":"wp","href":"https:\/\/api.w.org\/{rel}","templated":true}]}}